{"id":4803,"date":"2019-12-03T08:52:14","date_gmt":"2019-12-03T07:52:14","guid":{"rendered":"https:\/\/label-design.es\/sanjose\/arbitraje\/"},"modified":"2020-03-09T09:27:00","modified_gmt":"2020-03-09T08:27:00","slug":"arbitration","status":"publish","type":"page","link":"https:\/\/sanjoseabogados.com\/en\/arbitration\/","title":{"rendered":"Arbitration"},"content":{"rendered":"<div id='av_section_1' class='avia-section main_color avia-section-default avia-no-border-styling avia-full-stretch av-section-color-overlay-active avia-bg-style-scroll  avia-builder-el-0  el_before_av_section  avia-builder-el-first   av-minimum-height av-minimum-height-custom container_wrap fullsize' style='background-repeat: no-repeat; background-image: url(https:\/\/sanjoseabogados.com\/wp-content\/uploads\/2019\/10\/pasillo-despacho-san-jose-abogados-300x225.jpg);background-attachment: scroll; background-position: center center;  '  data-section-bg-repeat='stretch'><div class='av-section-color-overlay-wrap'><div class='av-section-color-overlay' style='opacity: 0.6; background-color: #2c2c2c; '><\/div><div class='container' style='height:230px'><main  role=\"main\" itemprop=\"mainContentOfPage\"  class='template-page content  av-content-full alpha units'><div class='post-entry post-entry-type-page post-entry-4803'><div class='entry-content-wrapper clearfix'>\n<div class=\"flex_column av_one_full  av-animated-generic left-to-right  flex_column_div av-zero-column-padding first  avia-builder-el-1  avia-builder-el-no-sibling  \" style='margin-top:0px; margin-bottom:0px; border-radius:0px; '><div style='padding-bottom:0px; margin:0 0 0 0; color:#ffffff;font-size:4vw;' class='av-special-heading av-special-heading-h1 custom-color-heading blockquote modern-quote modern-centered  avia-builder-el-2  avia-builder-el-no-sibling  av-inherit-size '><h1 class='av-special-heading-tag  av-mini-font-size-overwrite av-mini-font-size-50'  itemprop=\"headline\"  >Arbitration<\/h1><div class='special-heading-border'><div class='special-heading-inner-border' style='border-color:#ffffff'><\/div><\/div><\/div><\/div>\n\n<\/div><\/div><\/main><!-- close content main element --><\/div><\/div><\/div><div id='av_section_2' class='avia-section main_color avia-section-small avia-no-border-styling avia-bg-style-scroll  avia-builder-el-3  el_after_av_section  el_before_av_one_full   container_wrap fullsize' style='background-color: #e8e8e8;  margin-top:0; margin-bottom:0px; '  ><div class='container' ><div class='template-page content  av-content-full alpha units'><div class='post-entry post-entry-type-page post-entry-4803'><div class='entry-content-wrapper clearfix'>\n<div style=' margin-top:10px; margin-bottom:10px;'  class='hr hr-custom hr-center hr-icon-no   avia-builder-el-4  el_before_av_one_fifth  avia-builder-el-first '><span class='hr-inner   inner-border-av-border-thin' style=' width:0px;' ><span class='hr-inner-style'><\/span><\/span><\/div>\n<div class='flex_column_table av-equal-height-column-flextable av-break-at-tablet-flextable' style='margin-top:0px; margin-bottom:70px; '><div class=\"flex_column av_one_fifth  av-animated-generic left-to-right  av-hide-on-mobile  av-break-at-tablet flex_column_table_cell av-equal-height-column av-align-top first  avia-builder-el-5  el_after_av_hr  el_before_av_three_fifth  \" style='background: #e8e8e8; padding:0px 0 0px 0 ; background-color:#e8e8e8; border-radius:3px; '><\/div><div class='av-flex-placeholder'><\/div><div class=\"flex_column av_three_fifth  av-animated-generic left-to-right  av-break-at-tablet flex_column_table_cell av-equal-height-column av-align-top av-zero-column-padding   avia-builder-el-6  el_after_av_one_fifth  el_before_av_one_fifth  \" style='background: #e8e8e8; background-color:#e8e8e8; border-radius:3px; '><section class=\"av_textblock_section \"  itemscope=\"itemscope\" itemtype=\"https:\/\/schema.org\/CreativeWork\" ><div class='avia_textblock  '   itemprop=\"text\" ><p style=\"text-align: justify; padding: 0 20px;\"><span lang=\"es\"><em>\u201cArbitration is an institution whereby individuals, whether natural or legal persons, may agree or agree that, in order to resolve disputes or disputes arising between them, they will not go to the judicial bodies but to one or more arbitrators, who will be entrusted with their decision, reaching their ruling as effective as if the matter had been resolved by the Justice Administration, i.e. it shall be deemed to be res judicata and enforceable\u201d\u00a0<\/em><strong>(Manual de Arbitraje Cooperativo Vasco. Autores: Santiago Merino Hern\u00e1ndez, M\u00aa Pilar Rodr\u00edguez Alvarez y Fernando San Jos\u00e9 Mart\u00ednez)<\/strong><\/span><\/p>\n<\/div><\/section><\/div><div class='av-flex-placeholder'><\/div><div class=\"flex_column av_one_fifth  av-animated-generic left-to-right  av-hide-on-mobile  av-break-at-tablet flex_column_table_cell av-equal-height-column av-align-top   avia-builder-el-8  el_after_av_three_fifth  el_before_av_one_fifth  \" style='background: #e8e8e8; padding:0px 0 0px 0 ; background-color:#e8e8e8; border-radius:3px; '><\/div><\/div><!--close column table wrapper. Autoclose: 1 --><div class='flex_column_table av-equal-height-column-flextable av-break-at-tablet-flextable' style='margin-top:0px; margin-bottom:70px; '><div class=\"flex_column av_one_fifth  av-animated-generic left-to-right  av-hide-on-mobile  av-break-at-tablet flex_column_table_cell av-equal-height-column av-align-top first  avia-builder-el-9  el_after_av_one_fifth  el_before_av_three_fifth  column-top-margin\" style='background: #e8e8e8; padding:0px 0 0px 0 ; background-color:#e8e8e8; border-radius:3px; '><\/div><div class='av-flex-placeholder'><\/div><div class=\"flex_column av_three_fifth  av-animated-generic left-to-right  av-break-at-tablet flex_column_table_cell av-equal-height-column av-align-top av-zero-column-padding   avia-builder-el-10  el_after_av_one_fifth  el_before_av_one_fifth  column-top-margin\" style='background: #f7f7f7; background-color:#f7f7f7; border-radius:3px; '><div class='avia-image-container  av-styling-    avia-builder-el-11  avia-builder-el-no-sibling  avia-align-center '  itemprop=\"ImageObject\" itemscope=\"itemscope\" itemtype=\"https:\/\/schema.org\/ImageObject\"  ><div class='avia-image-container-inner'><div class='avia-image-overlay-wrap'><img class='avia_image' src='https:\/\/sanjoseabogados.com\/wp-content\/uploads\/2020\/03\/area-arbitraje.jpg' alt='\u00c1rea arbitraje' title='area-arbitraje' height=\"1282\" width=\"1920\"  itemprop=\"thumbnailUrl\"  \/><\/div><\/div><\/div><\/div><div class='av-flex-placeholder'><\/div><div class=\"flex_column av_one_fifth  av-animated-generic left-to-right  av-hide-on-mobile  av-break-at-tablet flex_column_table_cell av-equal-height-column av-align-top   avia-builder-el-12  el_after_av_three_fifth  avia-builder-el-last  column-top-margin\" style='background: #e8e8e8; padding:0px 0 0px 0 ; background-color:#e8e8e8; border-radius:3px; '><\/div><\/div><!--close column table wrapper. Autoclose: 1 --><\/div><\/div><\/div><!-- close content main div --><\/div><\/div><div id='after_section_2' class='main_color av_default_container_wrap container_wrap fullsize' style=' '  ><div class='container' ><div class='template-page content  av-content-full alpha units'><div class='post-entry post-entry-type-page post-entry-4803'><div class='entry-content-wrapper clearfix'><div class='flex_column_table av-equal-height-column-flextable -flextable' style='margin-top:0px; margin-bottom:0; '><div class=\"flex_column av_one_full  av-animated-generic left-to-right  flex_column_table_cell av-equal-height-column av-align-middle first  avia-builder-el-13  el_after_av_section  el_before_av_section  avia-builder-el-no-sibling  \" style='background:linear-gradient(45deg,#ffffff,#ffffff); padding:40px; background-color:#094978; border-radius:3px; '><p><div style='padding-bottom:0px; margin-top:10; margin-bottom:40px; color:#000000;font-size:40px;' class='av-special-heading av-special-heading-h2 custom-color-heading blockquote modern-quote modern-centered  avia-builder-el-14  el_before_av_buttonrow  avia-builder-el-first   av-inherit-size '><h2 class='av-special-heading-tag '  itemprop=\"headline\"  >We are also specialists in the following areas<\/h2><div class='special-heading-border'><div class='special-heading-inner-border' style='border-color:#000000'><\/div><\/div><\/div><br \/>\n<div class='avia-buttonrow-wrap avia-buttonrow-center   avia-builder-el-15  el_after_av_heading  avia-builder-el-last '>\n<a href='https:\/\/sanjoseabogados.com\/en\/international-trade\/'  class='avia-button  avia-icon_select-no avia-color-custom avia-size-medium '  style='background-color:#ffffff; border-color:#ffffff; color:#000000; margin-bottom:10px; margin-left:5px; margin-right:5px; ' ><span class='avia_iconbox_title' >International Trade<\/span><\/a>\n<a href='https:\/\/sanjoseabogados.com\/en\/banking-law\/'  class='avia-button  avia-icon_select-no avia-color-custom avia-size-medium '  style='background-color:#ffffff; border-color:#ffffff; color:#000000; margin-bottom:10px; margin-left:5px; margin-right:5px; ' ><span class='avia_iconbox_title' >Banking Law<\/span><\/a>\n<a href='https:\/\/sanjoseabogados.com\/en\/consultancy-services\/'  class='avia-button  avia-icon_select-no avia-color-custom avia-size-medium '  style='background-color:#ffffff; border-color:#ffffff; color:#000000; margin-bottom:10px; margin-left:5px; margin-right:5px; ' ><span class='avia_iconbox_title' >Consultancy Services<\/span><\/a>\n<a href='https:\/\/sanjoseabogados.com\/en\/familiy-law\/'  class='avia-button  avia-icon_select-no avia-color-custom avia-size-medium '  style='background-color:#ffffff; border-color:#ffffff; color:#000000; margin-bottom:10px; margin-left:5px; margin-right:5px; ' ><span class='avia_iconbox_title' >Family Law<\/span><\/a>\n<a href='https:\/\/sanjoseabogados.com\/en\/horizontal-property\/'  class='avia-button  avia-icon_select-no avia-color-custom avia-size-medium '  style='background-color:#ffffff; border-color:#ffffff; color:#000000; margin-bottom:10px; margin-left:5px; margin-right:5px; ' ><span class='avia_iconbox_title' >Horizontal Property<\/span><\/a>\n<a href='https:\/\/sanjoseabogados.com\/en\/data-protection-services\/'  class='avia-button  avia-icon_select-no avia-color-custom avia-size-medium '  style='background-color:#ffffff; border-color:#ffffff; color:#000000; margin-bottom:10px; margin-left:5px; margin-right:5px; ' ><span class='avia_iconbox_title' >Data Protection Services<\/span><\/a>\n<\/div><\/p><\/div><\/div><!--close column table wrapper. Autoclose: 1 --><\/p>\n<\/div><\/div><\/div><!-- close content main div --><\/div><\/div><div id='av_section_3' class='avia-section main_color avia-section-default avia-no-border-styling avia-bg-style-scroll  avia-builder-el-16  el_after_av_one_full  avia-builder-el-last   container_wrap fullsize' style='background-color: #f79941;  '  ><div class='container' ><div class='template-page content  av-content-full alpha units'><div class='post-entry post-entry-type-page post-entry-4803'><div class='entry-content-wrapper clearfix'>\n<div class='flex_column_table av-equal-height-column-flextable -flextable' ><div class=\"flex_column av_one_full  flex_column_table_cell av-equal-height-column av-align-middle av-zero-column-padding first  avia-builder-el-17  avia-builder-el-no-sibling  \" style='border-radius:0px; '><p><div style='padding-bottom:30px; color:#ffffff;font-size:64px;' class='av-special-heading av-special-heading-h3 custom-color-heading blockquote modern-quote modern-centered  avia-builder-el-18  el_before_av_button  avia-builder-el-first  av-inherit-size '><h3 class='av-special-heading-tag '  itemprop=\"headline\"  >We found solutions<\/h3><div class='special-heading-border'><div class='special-heading-inner-border' style='border-color:#ffffff'><\/div><\/div><\/div><br \/>\n<div class='avia-button-wrap avia-button-center  avia-builder-el-19  el_after_av_heading  avia-builder-el-last '><a href='#'  class='avia-button av-icon-on-hover  avia-icon_select-no avia-color-custom avia-size-large avia-position-center '  style='background-color:#ffffff; border-color:#ffffff; color:#000000; ' ><span class='avia_iconbox_title' >Contact us<\/span><\/a><\/div><\/p><\/div><\/div><!--close column table wrapper. Autoclose: 1 -->\n\n","protected":false},"excerpt":{"rendered":"","protected":false},"author":1,"featured_media":0,"parent":0,"menu_order":0,"comment_status":"closed","ping_status":"closed","template":"","meta":{"footnotes":""},"class_list":["post-4803","page","type-page","status-publish","hentry"],"yoast_head":"<!-- This site is optimized with the Yoast SEO plugin v27.2 - https:\/\/yoast.com\/product\/yoast-seo-wordpress\/ -->\n<title>Arbitration - Despacho Abogados San Jose<\/title>\n<meta name=\"robots\" content=\"index, follow, max-snippet:-1, max-image-preview:large, max-video-preview:-1\" \/>\n<link rel=\"canonical\" href=\"https:\/\/sanjoseabogados.com\/en\/arbitration\/\" \/>\n<meta property=\"og:locale\" content=\"en_US\" \/>\n<meta property=\"og:type\" content=\"article\" \/>\n<meta property=\"og:title\" content=\"Arbitration - Despacho Abogados San Jose\" \/>\n<meta property=\"og:url\" content=\"https:\/\/sanjoseabogados.com\/en\/arbitration\/\" \/>\n<meta property=\"og:site_name\" content=\"Despacho Abogados San Jose\" \/>\n<meta property=\"article:modified_time\" content=\"2020-03-09T08:27:00+00:00\" \/>\n<meta name=\"twitter:card\" content=\"summary_large_image\" \/>\n<meta name=\"twitter:label1\" content=\"Est. reading time\" \/>\n\t<meta name=\"twitter:data1\" content=\"11 minutes\" \/>\n<script type=\"application\/ld+json\" class=\"yoast-schema-graph\">{\"@context\":\"https:\/\/schema.org\",\"@graph\":[{\"@type\":\"WebPage\",\"@id\":\"https:\/\/sanjoseabogados.com\/en\/arbitration\/\",\"url\":\"https:\/\/sanjoseabogados.com\/en\/arbitration\/\",\"name\":\"Arbitration - Despacho Abogados San Jose\",\"isPartOf\":{\"@id\":\"https:\/\/sanjoseabogados.com\/en\/#website\"},\"datePublished\":\"2019-12-03T07:52:14+00:00\",\"dateModified\":\"2020-03-09T08:27:00+00:00\",\"breadcrumb\":{\"@id\":\"https:\/\/sanjoseabogados.com\/en\/arbitration\/#breadcrumb\"},\"inLanguage\":\"en-US\",\"potentialAction\":[{\"@type\":\"ReadAction\",\"target\":[\"https:\/\/sanjoseabogados.com\/en\/arbitration\/\"]}]},{\"@type\":\"BreadcrumbList\",\"@id\":\"https:\/\/sanjoseabogados.com\/en\/arbitration\/#breadcrumb\",\"itemListElement\":[{\"@type\":\"ListItem\",\"position\":1,\"name\":\"Portada\",\"item\":\"https:\/\/sanjoseabogados.com\/en\/\"},{\"@type\":\"ListItem\",\"position\":2,\"name\":\"Arbitration\"}]},{\"@type\":\"WebSite\",\"@id\":\"https:\/\/sanjoseabogados.com\/en\/#website\",\"url\":\"https:\/\/sanjoseabogados.com\/en\/\",\"name\":\"Despacho Abogados San Jose\",\"description\":\"Despacho abogados en Bilbao\",\"potentialAction\":[{\"@type\":\"SearchAction\",\"target\":{\"@type\":\"EntryPoint\",\"urlTemplate\":\"https:\/\/sanjoseabogados.com\/en\/?s={search_term_string}\"},\"query-input\":{\"@type\":\"PropertyValueSpecification\",\"valueRequired\":true,\"valueName\":\"search_term_string\"}}],\"inLanguage\":\"en-US\"}]}<\/script>\n<!-- \/ Yoast SEO plugin. -->","yoast_head_json":{"title":"Arbitration - Despacho Abogados San Jose","robots":{"index":"index","follow":"follow","max-snippet":"max-snippet:-1","max-image-preview":"max-image-preview:large","max-video-preview":"max-video-preview:-1"},"canonical":"https:\/\/sanjoseabogados.com\/en\/arbitration\/","og_locale":"en_US","og_type":"article","og_title":"Arbitration - Despacho Abogados San Jose","og_url":"https:\/\/sanjoseabogados.com\/en\/arbitration\/","og_site_name":"Despacho Abogados San Jose","article_modified_time":"2020-03-09T08:27:00+00:00","twitter_card":"summary_large_image","twitter_misc":{"Est. reading time":"11 minutes"},"schema":{"@context":"https:\/\/schema.org","@graph":[{"@type":"WebPage","@id":"https:\/\/sanjoseabogados.com\/en\/arbitration\/","url":"https:\/\/sanjoseabogados.com\/en\/arbitration\/","name":"Arbitration - Despacho Abogados San Jose","isPartOf":{"@id":"https:\/\/sanjoseabogados.com\/en\/#website"},"datePublished":"2019-12-03T07:52:14+00:00","dateModified":"2020-03-09T08:27:00+00:00","breadcrumb":{"@id":"https:\/\/sanjoseabogados.com\/en\/arbitration\/#breadcrumb"},"inLanguage":"en-US","potentialAction":[{"@type":"ReadAction","target":["https:\/\/sanjoseabogados.com\/en\/arbitration\/"]}]},{"@type":"BreadcrumbList","@id":"https:\/\/sanjoseabogados.com\/en\/arbitration\/#breadcrumb","itemListElement":[{"@type":"ListItem","position":1,"name":"Portada","item":"https:\/\/sanjoseabogados.com\/en\/"},{"@type":"ListItem","position":2,"name":"Arbitration"}]},{"@type":"WebSite","@id":"https:\/\/sanjoseabogados.com\/en\/#website","url":"https:\/\/sanjoseabogados.com\/en\/","name":"Despacho Abogados San Jose","description":"Despacho abogados en Bilbao","potentialAction":[{"@type":"SearchAction","target":{"@type":"EntryPoint","urlTemplate":"https:\/\/sanjoseabogados.com\/en\/?s={search_term_string}"},"query-input":{"@type":"PropertyValueSpecification","valueRequired":true,"valueName":"search_term_string"}}],"inLanguage":"en-US"}]}},"_links":{"self":[{"href":"https:\/\/sanjoseabogados.com\/en\/wp-json\/wp\/v2\/pages\/4803","targetHints":{"allow":["GET"]}}],"collection":[{"href":"https:\/\/sanjoseabogados.com\/en\/wp-json\/wp\/v2\/pages"}],"about":[{"href":"https:\/\/sanjoseabogados.com\/en\/wp-json\/wp\/v2\/types\/page"}],"author":[{"embeddable":true,"href":"https:\/\/sanjoseabogados.com\/en\/wp-json\/wp\/v2\/users\/1"}],"replies":[{"embeddable":true,"href":"https:\/\/sanjoseabogados.com\/en\/wp-json\/wp\/v2\/comments?post=4803"}],"version-history":[{"count":13,"href":"https:\/\/sanjoseabogados.com\/en\/wp-json\/wp\/v2\/pages\/4803\/revisions"}],"predecessor-version":[{"id":6891,"href":"https:\/\/sanjoseabogados.com\/en\/wp-json\/wp\/v2\/pages\/4803\/revisions\/6891"}],"wp:attachment":[{"href":"https:\/\/sanjoseabogados.com\/en\/wp-json\/wp\/v2\/media?parent=4803"}],"curies":[{"name":"wp","href":"https:\/\/api.w.org\/{rel}","templated":true}]}}