{"id":5038,"date":"2014-06-09T09:30:36","date_gmt":"2014-06-09T09:30:36","guid":{"rendered":"https:\/\/label-design.es\/sanjose\/aviso-legal\/"},"modified":"2014-06-09T09:30:36","modified_gmt":"2014-06-09T09:30:36","slug":"aviso-legal","status":"publish","type":"page","link":"https:\/\/sanjoseabogados.com\/en\/aviso-legal\/","title":{"rendered":"Aviso Legal"},"content":{"rendered":"<p><\/p>\n<h1><strong>Aviso legal<\/strong><\/h1>\n<p>IPARLEHEN, S.L. (sanjoseabogados\u2122) cumple con los requisitos establecidos en la Ley 34\/2002, de 11 de julio, de Servicios de la Sociedad de la informaci\u00f3n y Comercio Electr\u00f3nico, y a tal fin ha creado el siguiente Aviso legal:<\/p>\n<p>La utilizaci\u00f3n del Portal atribuye la condici\u00f3n de persona usuaria del Portal, e implica la aceptaci\u00f3n plena y sin reservas de todas y cada una de las disposiciones incluidas en este Aviso Legal.<\/p>\n<p><strong>\u00a0<\/strong><\/p>\n<p><strong>Informaci\u00f3n General:<\/strong><\/p>\n<p>IPARLEHEN, S.L. (sanjoseabogados\u2122)<\/p>\n<p>C\/ Iparraguirre, 1 \u2013 1\u00ba Izd.<br \/>\n48009 BILBAO<br \/>\nC.I.F.: B95372280<\/p>\n<p>Inscrito en el Registro Mercantil de Bizkaia: Tomo 4568, Libro O, Folio 127.<\/p>\n<p><strong>\u00a0<\/strong><\/p>\n<p><strong>Protecci\u00f3n de datos de car\u00e1cter personal<\/strong><\/p>\n<p>Los datos de car\u00e1cter personal recogidos a trav\u00e9s de esta p\u00e1gina de Internet ser\u00e1n tratados de acuerdo con lo establecido en la normativa vigente de protecci\u00f3n de datos de car\u00e1cter personal (Reglamento General de Protecci\u00f3n de Datos Personales, UE 2016\/679, de 27 de abril de 2016).<\/p>\n<p>En tal sentido, le informamos que los datos que nos facilite ser\u00e1n incorporados a un fichero automatizado del que es responsable San Jos\u00e9 Abogados, con domicilio en la calle Iparraguirre 1, 1\u00ba Izda., 48009 Bilbao, con la finalidad de gestionar sus solicitudes de informaci\u00f3n y poder proporcionarle los servicios jur\u00eddicos demandados.<\/p>\n<p>Asimismo, salvo que indique lo contrario, autoriza a poder remitirle por medios postales y electr\u00f3nicos, informaci\u00f3n legal de inter\u00e9s para nuestros clientes.<\/p>\n<p>Los datos que nos suministre se conservar\u00e1n mientras no nos solicite su supresi\u00f3n.<\/p>\n<p>Podr\u00e1 ejercitar sus derechos de acceso, rectificaci\u00f3n, limitaci\u00f3n, cancelaci\u00f3n, portabilidad y oposici\u00f3n mediante correo electr\u00f3nico dirigido a <a href=\"mailto:info@sanjoseabogados.com\">info@sanjoseabogados.com<\/a> \u00a0Deber\u00e1 enviarse junto con prueba v\u00e1lida en derecho, aportando fotocopia del documento de identidad e indicando en el asunto \u201cPROTECCI\u00d3N DE DATOS\u201d. Se le informa, asimismo, de su derecho a presentar una reclamaci\u00f3n derivada del tratamiento de sus datos personales ante la Autoridad de control (Agencia Espa\u00f1ola de Protecci\u00f3n de Datos).<\/p>\n<p>&nbsp;<\/p>\n<p><strong>Medidas de Seguridad<\/strong><\/p>\n<p>IPARLEHEN, S.L. (sanjoseabogados\u2122) le informa que tiene implantadas las medidas de seguridad de \u00edndole t\u00e9cnica y organizativas necesarias para garantizar la seguridad e integridad de sus datos de car\u00e1cter personal y evitar su alteraci\u00f3n, p\u00e9rdida y tratamiento y\/o acceso no autorizado, habida cuenta del estado de la tecnolog\u00eda, la naturaleza de los datos almacenados y los riesgos a que est\u00e1n expuestos<\/p>\n<p>Todo ello, de conformidad con lo previsto en la normativa vigente de protecci\u00f3n de datos de car\u00e1cter personal (Reglamento General de Protecci\u00f3n de Datos Personales, UE 2016\/679, de 27 de abril de 2016).<strong>\u00a0<\/strong><\/p>\n<p>&nbsp;<\/p>\n<p><strong>Propiedad Intelectual <\/strong><\/p>\n<p>IPARLEHEN, S.L. (sanjoseabogados\u2122) es el titular de los elementos que integran la p\u00e1gina Web\u00a0<a href=\"http:\/\/www.bultz-lan.com\/\">www.sanjoseabogados.com<\/a> c\u00f3digo fuente, estructura de navegaci\u00f3n, base de datos, contenido y dise\u00f1o gr\u00e1fico (men\u00fas, botones de navegaci\u00f3n, los textos, im\u00e1genes, texturas, gr\u00e1ficos, etc.) o, en cualquier caso, dispone de la correspondiente autorizaci\u00f3n para la utilizaci\u00f3n de dichos elementos.<\/p>\n<p>&nbsp;<\/p>\n<p><strong>Contenidos<\/strong>:<\/p>\n<p>IPARLEHEN, S.L. (sanjoseabogados\u2122) se reserva el derecho de efectuar sin previo aviso las modificaciones que considere oportunas en el sitio Web, pudiendo cambiar, suprimir o a\u00f1adir tanto los contenidos y servicios que presta como la forma en la que \u00e9stos aparezcan presentados o localizados.<\/p>\n<p>La persona usuaria se compromete a hacer un uso adecuado de los contenidos y servicios que IPARLEHEN, S.L. (sanjoseabogados\u2122) \u00a0ofrece, y a no emplearlos para incurrir en actividades il\u00edcitas o contrarias a la buena fe y al ordenamiento legal, y a no provocar da\u00f1os en los sistemas f\u00edsicos y l\u00f3gicos de IPARLEHEN, S.L., de sus proveedores o de terceras personas, introducir o difundir en la red virus inform\u00e1ticos o cualesquiera otros sistemas f\u00edsicos o l\u00f3gicos que sean susceptibles de provocar los da\u00f1os anteriormente expuestos.<\/p>\n<p>&nbsp;<\/p>\n<p><strong>Ley aplicable y jurisdicci\u00f3n <\/strong><\/p>\n<p>Las presentes condiciones generales se rigen por la legislaci\u00f3n espa\u00f1ola. Para cualquier litigio que pudiera surgir relacionado con el sitio web o la actividad que en \u00e9l se desarrolla ser\u00e1n competentes los Juzgados de Bilbao, renunciando expresamente el usuario a cualquier otro fuero que pudiera corresponderle.<\/p>\n<p>&nbsp;<\/p>\n<p><strong>Direcciones de contacto<\/strong><\/p>\n<p>En caso de que cualquier Usuario tuviese alguna duda acerca de este Aviso legal o cualquier comentario sobre la Web, por favor dir\u00edjase a <a href=\"mailto:info@sanjoseabogados.com\">info@sanjoseabogados.com<\/a><\/p>\n","protected":false},"excerpt":{"rendered":"<p>Aviso legal IPARLEHEN, S.L. (sanjoseabogados\u2122) cumple con los requisitos establecidos en la Ley 34\/2002, de 11 de julio, de Servicios de la Sociedad de la informaci\u00f3n y Comercio Electr\u00f3nico, y a tal fin ha creado el siguiente Aviso legal: La utilizaci\u00f3n del Portal atribuye la condici\u00f3n de persona usuaria del Portal, e implica la aceptaci\u00f3n [&hellip;]<\/p>\n","protected":false},"author":1,"featured_media":0,"parent":0,"menu_order":0,"comment_status":"closed","ping_status":"closed","template":"","meta":{"footnotes":""},"class_list":["post-5038","page","type-page","status-publish","hentry"],"yoast_head":"<!-- This site is optimized with the Yoast SEO plugin v27.2 - https:\/\/yoast.com\/product\/yoast-seo-wordpress\/ -->\n<title>Aviso Legal - San Jose Abogados<\/title>\n<meta name=\"robots\" content=\"index, follow, max-snippet:-1, max-image-preview:large, max-video-preview:-1\" \/>\n<link rel=\"canonical\" href=\"https:\/\/sanjoseabogados.com\/en\/aviso-legal\/\" \/>\n<meta property=\"og:locale\" content=\"en_US\" \/>\n<meta property=\"og:type\" content=\"article\" \/>\n<meta property=\"og:title\" content=\"Aviso Legal - San Jose Abogados\" \/>\n<meta property=\"og:description\" content=\"Aviso legal IPARLEHEN, S.L. (sanjoseabogados\u2122) cumple con los requisitos establecidos en la Ley 34\/2002, de 11 de julio, de Servicios de la Sociedad de la informaci\u00f3n y Comercio Electr\u00f3nico, y a tal fin ha creado el siguiente Aviso legal: La utilizaci\u00f3n del Portal atribuye la condici\u00f3n de persona usuaria del Portal, e implica la aceptaci\u00f3n [&hellip;]\" \/>\n<meta property=\"og:url\" content=\"https:\/\/sanjoseabogados.com\/en\/aviso-legal\/\" \/>\n<meta property=\"og:site_name\" content=\"Despacho Abogados San Jose\" \/>\n<meta name=\"twitter:card\" content=\"summary_large_image\" \/>\n<meta name=\"twitter:label1\" content=\"Est. reading time\" \/>\n\t<meta name=\"twitter:data1\" content=\"4 minutes\" \/>\n<script type=\"application\/ld+json\" class=\"yoast-schema-graph\">{\"@context\":\"https:\/\/schema.org\",\"@graph\":[{\"@type\":\"WebPage\",\"@id\":\"https:\/\/sanjoseabogados.com\/en\/aviso-legal\/\",\"url\":\"https:\/\/sanjoseabogados.com\/en\/aviso-legal\/\",\"name\":\"Aviso Legal - San Jose Abogados\",\"isPartOf\":{\"@id\":\"https:\/\/sanjoseabogados.com\/en\/#website\"},\"datePublished\":\"2014-06-09T09:30:36+00:00\",\"breadcrumb\":{\"@id\":\"https:\/\/sanjoseabogados.com\/en\/aviso-legal\/#breadcrumb\"},\"inLanguage\":\"en-US\",\"potentialAction\":[{\"@type\":\"ReadAction\",\"target\":[\"https:\/\/sanjoseabogados.com\/en\/aviso-legal\/\"]}]},{\"@type\":\"BreadcrumbList\",\"@id\":\"https:\/\/sanjoseabogados.com\/en\/aviso-legal\/#breadcrumb\",\"itemListElement\":[{\"@type\":\"ListItem\",\"position\":1,\"name\":\"Portada\",\"item\":\"https:\/\/sanjoseabogados.com\/en\/\"},{\"@type\":\"ListItem\",\"position\":2,\"name\":\"Aviso Legal\"}]},{\"@type\":\"WebSite\",\"@id\":\"https:\/\/sanjoseabogados.com\/en\/#website\",\"url\":\"https:\/\/sanjoseabogados.com\/en\/\",\"name\":\"Despacho Abogados San Jose\",\"description\":\"Despacho abogados en Bilbao\",\"potentialAction\":[{\"@type\":\"SearchAction\",\"target\":{\"@type\":\"EntryPoint\",\"urlTemplate\":\"https:\/\/sanjoseabogados.com\/en\/?s={search_term_string}\"},\"query-input\":{\"@type\":\"PropertyValueSpecification\",\"valueRequired\":true,\"valueName\":\"search_term_string\"}}],\"inLanguage\":\"en-US\"}]}<\/script>\n<!-- \/ Yoast SEO plugin. -->","yoast_head_json":{"title":"Aviso Legal - San Jose Abogados","robots":{"index":"index","follow":"follow","max-snippet":"max-snippet:-1","max-image-preview":"max-image-preview:large","max-video-preview":"max-video-preview:-1"},"canonical":"https:\/\/sanjoseabogados.com\/en\/aviso-legal\/","og_locale":"en_US","og_type":"article","og_title":"Aviso Legal - San Jose Abogados","og_description":"Aviso legal IPARLEHEN, S.L. (sanjoseabogados\u2122) cumple con los requisitos establecidos en la Ley 34\/2002, de 11 de julio, de Servicios de la Sociedad de la informaci\u00f3n y Comercio Electr\u00f3nico, y a tal fin ha creado el siguiente Aviso legal: La utilizaci\u00f3n del Portal atribuye la condici\u00f3n de persona usuaria del Portal, e implica la aceptaci\u00f3n [&hellip;]","og_url":"https:\/\/sanjoseabogados.com\/en\/aviso-legal\/","og_site_name":"Despacho Abogados San Jose","twitter_card":"summary_large_image","twitter_misc":{"Est. reading time":"4 minutes"},"schema":{"@context":"https:\/\/schema.org","@graph":[{"@type":"WebPage","@id":"https:\/\/sanjoseabogados.com\/en\/aviso-legal\/","url":"https:\/\/sanjoseabogados.com\/en\/aviso-legal\/","name":"Aviso Legal - San Jose Abogados","isPartOf":{"@id":"https:\/\/sanjoseabogados.com\/en\/#website"},"datePublished":"2014-06-09T09:30:36+00:00","breadcrumb":{"@id":"https:\/\/sanjoseabogados.com\/en\/aviso-legal\/#breadcrumb"},"inLanguage":"en-US","potentialAction":[{"@type":"ReadAction","target":["https:\/\/sanjoseabogados.com\/en\/aviso-legal\/"]}]},{"@type":"BreadcrumbList","@id":"https:\/\/sanjoseabogados.com\/en\/aviso-legal\/#breadcrumb","itemListElement":[{"@type":"ListItem","position":1,"name":"Portada","item":"https:\/\/sanjoseabogados.com\/en\/"},{"@type":"ListItem","position":2,"name":"Aviso Legal"}]},{"@type":"WebSite","@id":"https:\/\/sanjoseabogados.com\/en\/#website","url":"https:\/\/sanjoseabogados.com\/en\/","name":"Despacho Abogados San Jose","description":"Despacho abogados en Bilbao","potentialAction":[{"@type":"SearchAction","target":{"@type":"EntryPoint","urlTemplate":"https:\/\/sanjoseabogados.com\/en\/?s={search_term_string}"},"query-input":{"@type":"PropertyValueSpecification","valueRequired":true,"valueName":"search_term_string"}}],"inLanguage":"en-US"}]}},"_links":{"self":[{"href":"https:\/\/sanjoseabogados.com\/en\/wp-json\/wp\/v2\/pages\/5038","targetHints":{"allow":["GET"]}}],"collection":[{"href":"https:\/\/sanjoseabogados.com\/en\/wp-json\/wp\/v2\/pages"}],"about":[{"href":"https:\/\/sanjoseabogados.com\/en\/wp-json\/wp\/v2\/types\/page"}],"author":[{"embeddable":true,"href":"https:\/\/sanjoseabogados.com\/en\/wp-json\/wp\/v2\/users\/1"}],"replies":[{"embeddable":true,"href":"https:\/\/sanjoseabogados.com\/en\/wp-json\/wp\/v2\/comments?post=5038"}],"version-history":[{"count":0,"href":"https:\/\/sanjoseabogados.com\/en\/wp-json\/wp\/v2\/pages\/5038\/revisions"}],"wp:attachment":[{"href":"https:\/\/sanjoseabogados.com\/en\/wp-json\/wp\/v2\/media?parent=5038"}],"curies":[{"name":"wp","href":"https:\/\/api.w.org\/{rel}","templated":true}]}}