{"id":5042,"date":"2019-11-18T12:03:21","date_gmt":"2019-11-18T11:03:21","guid":{"rendered":"https:\/\/label-design.es\/sanjose\/condiciones-de-uso\/"},"modified":"2019-11-18T12:03:21","modified_gmt":"2019-11-18T11:03:21","slug":"condiciones-de-uso","status":"publish","type":"page","link":"https:\/\/sanjoseabogados.com\/en\/condiciones-de-uso\/","title":{"rendered":"Condiciones de uso"},"content":{"rendered":"<p><\/p>\n<h1><strong>Condiciones de uso<\/strong><\/h1>\n<p>Bienvenid@ al sitio web de IPARLEHEN, S.L. (sanjoseabogados\u2122). La informaci\u00f3n facilitada en este sitio tiene \u00fanicamente fines informativos. Rogamos que lea y examine detenidamente estas Condiciones de Uso antes de utilizar o acceder a este sitio web. Al utilizar o acceder a este sitio web, usted reconoce que ha le\u00eddo, entendido y aceptado el Contrato de Condiciones de Uso. Si no est\u00e1 de acuerdo con las Condiciones de Uso, no puede usar ni acceder a este sitio.<\/p>\n<h3>Informaci\u00f3n general<\/h3>\n<p>Esta p\u00e1gina web utiliza cookies. Las cookies son peque\u00f1os archivos de texto generados por las p\u00e1ginas web que visitas y que contienen los datos de sesi\u00f3n que pueden ser de utilidad m\u00e1s adelante en la p\u00e1gina web. De esta forma esta web recuerda informaci\u00f3n sobre tu visita y facilita la pr\u00f3xima haciendo que el sitio web te resulte m\u00e1s \u00fatil.<\/p>\n<h3>Uso del sitio web<\/h3>\n<p>La informaci\u00f3n facilitada en este sitio tiene \u00fanicamente fines informativos. El acceso y uso de la informaci\u00f3n contenida en este sitio web est\u00e1n sujetos a este Contrato de Condiciones de Uso. Al usar y acceder a este sitio web, acepta, sin limitaciones ni salvedades, el presente Contrato de Condiciones de Uso.<\/p>\n<h3>Contenido<\/h3>\n<p>IPARLEHEN, S.L. (sanjoseabogados\u2122) realizar\u00e1 un esfuerzo razonable para incluir informaci\u00f3n exacta y actualizada en este sitio web, pero no garantiza ni efect\u00faa manifestaciones de ning\u00fan tipo sobre su exactitud, actualidad o exhaustividad.<\/p>\n<h3>Indicaciones sobre aspectos t\u00e9cnicos<\/h3>\n<p>IPARLEHEN, S.L. (sanjoseabogados\u2122) no asume ninguna responsabilidad que se pueda derivar de problemas t\u00e9cnicos o fallos en los equipos inform\u00e1ticos, no imputables a nuestra Sociedad, que se produzcan durante la conexi\u00f3n a la red de Internet, as\u00ed como de da\u00f1os que pudieran ser causados por terceras personas mediante intromisiones ileg\u00edtimas fuera del control de la fundaci\u00f3n.<\/p>\n<p>Tambi\u00e9n quedamos exonerados de toda responsabilidad ante posibles da\u00f1os o perjuicios que pueda sufrir el usuario a consecuencia de errores, defectos u omisiones en la informaci\u00f3n que facilitemos cuando proceda de fuentes ajenas a nosotros.<\/p>\n<h3>Indemnizaci\u00f3n<\/h3>\n<p>Usted se compromete a indemnizar y resarcir a IPARLEHEN, S.L. (sanjoseabogados\u2122), sus directivos, administradores, empleados, agentes, proveedores y socios terceros frente a cualesquiera p\u00e9rdidas, gastos, da\u00f1os y costes, incluidos los honorarios razonables de abogados, derivados de cualquier vulneraci\u00f3n por parte de usted de estas Condiciones de Uso.<\/p>\n<h3>Confidencialidad<\/h3>\n<p>IPARLEHEN, S.L. (sanjoseabogados\u2122) respeta la confidencialidad de los usuarios del sitio web. Consulte la pol\u00edtica de privacidad en la que se explican los derechos y responsabilidades de los usuarios en relaci\u00f3n con la informaci\u00f3n facilitada a este sitio web.<\/p>\n<h3>V\u00ednculos y sitios web de terceros<\/h3>\n<p>Este sitio web puede contener v\u00ednculos o referencias a otros sitios web mantenidos por terceros sobre los que IPARLEHEN, S.L. (sanjoseabogados\u2122) carece de control. Dichos v\u00ednculos se incluyen \u00fanicamente para facilitar la consulta. Del mismo modo, se puede acceder a este sitio web desde v\u00ednculos de terceros sobre los que la fundaci\u00f3n carece de control. IPARLEHEN, S.L. (sanjoseabogados\u2122) no efect\u00faa garant\u00edas ni manifestaciones de ning\u00fan tipo sobre la exactitud, actualidad o exhaustividad de la informaci\u00f3n contenida en dichos sitios web y no responder\u00e1 por los da\u00f1os o perjuicios de ning\u00fan tipo derivados de tales contenidos o informaci\u00f3n. La inclusi\u00f3n de un v\u00ednculo de un tercero no supone una ratificaci\u00f3n o recomendaci\u00f3n de la fundaci\u00f3n.<\/p>\n<h3>Informaci\u00f3n no confidencial<\/h3>\n<p>Sin perjuicio de los t\u00e9rminos y condiciones aplicables establecidos en nuestra pol\u00edtica de privacidad, cualquier comunicaci\u00f3n o material que nos env\u00ede a trav\u00e9s de Internet o que coloque en el sitio web por correo electr\u00f3nico o de otro modo, como preguntas, comentarios, sugerencias o similares, se considera y se considerar\u00e1 no confidencial y IPARLEHEN, S.L. (sanjoseabogados\u2122) no tendr\u00e1 ninguna obligaci\u00f3n de ning\u00fan tipo en relaci\u00f3n con dicha informaci\u00f3n. La fundaci\u00f3n podr\u00e1 utilizar libremente cualesquiera ideas, conceptos, know-how o t\u00e9cnicas que se contengan en dicha comunicaci\u00f3n para cualquier fin, incluido, a t\u00edtulo meramente enunciativo y no limitativo, el de desarrollar, producir y comercializar productos.<\/p>\n<h3>Propiedad intelectual<\/h3>\n<p>IPARLEHEN, S.L. (sanjoseabogados\u2122) es propietario y\/o licenciatario, de toda la informaci\u00f3n contenida en este portal, de su dise\u00f1o gr\u00e1fico, bases de datos, im\u00e1genes, \u00edndices, c\u00f3digos fuentes, marcas y logotipos, estando protegidos conforme a lo dispuesto en la Ley de Propiedad Intelectual, y, en la Ley de Marcas.<\/p>\n<p>Su puesta a disposici\u00f3n y uso, no supone, en ning\u00fan caso, la cesi\u00f3n de su titularidad o la concesi\u00f3n de un derecho de uso a favor del Usuario, por lo que toda reproducci\u00f3n, copia, distribuci\u00f3n total o parcial, o, comercializaci\u00f3n, requerir\u00e1 la autorizaci\u00f3n previa y escrita de la fundaci\u00f3n, reserv\u00e1ndose la entidad, en caso de uso indebido del Website, el derecho a ejercitar cuantas acciones legales fueran precisas para la restituci\u00f3n de los da\u00f1os y perjuicios causados, asimismo el usuario se obliga a indemnizar a la entidad por cualquier da\u00f1o o perjuicio que pudiera ocasionar por el uso de esta Web, infringiendo estas condiciones generales y\/o la legalidad vigente.<\/p>\n<h3>Marcas<\/h3>\n<p>Los nombres de productos, figuren o no en may\u00fasculas o con el s\u00edmbolo de marcas registradas, son marcas de IPARLEHEN, S.L. (sanjoseabogados\u2122) La utilizaci\u00f3n o uso indebido de estas marcas o de otros materiales, salvo seg\u00fan lo permitido aqu\u00ed, est\u00e1 expresamente prohibido y puede vulnerar las leyes de Propiedad Intelectual, de Marcas, la legislaci\u00f3n sobre confidencialidad y publicidad, y las leyes y reglamentos de comunicaciones. Tenga en cuenta que la fundaci\u00f3n exige el cumplimiento, activa y en\u00e9rgicamente, de todos sus derechos de propiedad intelectual en la m\u00e1xima medida legal.<\/p>\n<h3>Intercambio y difusi\u00f3n de informaci\u00f3n<\/h3>\n<p>IPARLEHEN, S.L. (sanjoseabogados\u2122) declina toda responsabilidad que se derive del intercambio de informaci\u00f3n entre usuarios a trav\u00e9s de su p\u00e1gina web. Especialmente no nos hacemos responsables del uso que los menores puedan hacer de la misma en caso de que los contenidos a que se acceda puedan herir la sensibilidad de los mismos.<\/p>\n<h3>Nulidad en caso de prohibici\u00f3n<\/h3>\n<p>Este sitio web y su contenido persiguen cumplir las leyes y reglamentos de Espa\u00f1a y de la UE. Aunque la informaci\u00f3n de este sitio web es accesible a usuarios de fuera de Espa\u00f1a, la informaci\u00f3n relativa a productos de IPARLEHEN, S.L. (sanjoseabogados\u2122) se destina al uso exclusivo de personas residentes en Espa\u00f1a. Otros pa\u00edses pueden disponer de requisitos legales o reglamentarios que difieran de las de Espa\u00f1a.<\/p>\n<h3>Leyes aplicables<\/h3>\n<p>El presente Contrato de Condiciones de Uso y su utilizaci\u00f3n del sitio web se regular\u00e1n por las leyes espa\u00f1olas. Cualquier acci\u00f3n legal o procedimiento relativo a este sitio web se plantear\u00e1 exclusivamente ante un tribunal espa\u00f1ol.<\/p>\n<h3>Disposiciones varias<\/h3>\n<p>Si una disposici\u00f3n del presente Contrato es declarada ilegal, nula o inexigible, se prescindir\u00e1 de dicha disposici\u00f3n sin que ello afecte a la exigibilidad de las disposiciones restantes. IPARLEHEN, S.L. (sanjoseabogados\u2122) se reserva el derecho de modificar o suprimir materiales de este sitio web en cualquier momento con arreglo a su criterio discrecional.<\/p>\n","protected":false},"excerpt":{"rendered":"<p>Condiciones de uso Bienvenid@ al sitio web de IPARLEHEN, S.L. (sanjoseabogados\u2122). La informaci\u00f3n facilitada en este sitio tiene \u00fanicamente fines informativos. Rogamos que lea y examine detenidamente estas Condiciones de Uso antes de utilizar o acceder a este sitio web. Al utilizar o acceder a este sitio web, usted reconoce que ha le\u00eddo, entendido y [&hellip;]<\/p>\n","protected":false},"author":1,"featured_media":0,"parent":0,"menu_order":0,"comment_status":"closed","ping_status":"closed","template":"","meta":{"footnotes":""},"class_list":["post-5042","page","type-page","status-publish","hentry"],"yoast_head":"<!-- This site is optimized with the Yoast SEO plugin v27.2 - https:\/\/yoast.com\/product\/yoast-seo-wordpress\/ -->\n<title>Condiciones de uso - Despacho Abogados San Jose<\/title>\n<meta name=\"robots\" content=\"noindex, nofollow\" \/>\n<meta property=\"og:locale\" content=\"en_US\" \/>\n<meta property=\"og:type\" content=\"article\" \/>\n<meta property=\"og:title\" content=\"Condiciones de uso - Despacho Abogados San Jose\" \/>\n<meta property=\"og:description\" content=\"Condiciones de uso Bienvenid@ al sitio web de IPARLEHEN, S.L. (sanjoseabogados\u2122). La informaci\u00f3n facilitada en este sitio tiene \u00fanicamente fines informativos. Rogamos que lea y examine detenidamente estas Condiciones de Uso antes de utilizar o acceder a este sitio web. Al utilizar o acceder a este sitio web, usted reconoce que ha le\u00eddo, entendido y [&hellip;]\" \/>\n<meta property=\"og:url\" content=\"https:\/\/sanjoseabogados.com\/en\/condiciones-de-uso\/\" \/>\n<meta property=\"og:site_name\" content=\"Despacho Abogados San Jose\" \/>\n<meta name=\"twitter:card\" content=\"summary_large_image\" \/>\n<meta name=\"twitter:label1\" content=\"Est. reading time\" \/>\n\t<meta name=\"twitter:data1\" content=\"6 minutes\" \/>\n<script type=\"application\/ld+json\" class=\"yoast-schema-graph\">{\"@context\":\"https:\/\/schema.org\",\"@graph\":[{\"@type\":\"WebPage\",\"@id\":\"https:\/\/sanjoseabogados.com\/en\/condiciones-de-uso\/\",\"url\":\"https:\/\/sanjoseabogados.com\/en\/condiciones-de-uso\/\",\"name\":\"Condiciones de uso - Despacho Abogados San Jose\",\"isPartOf\":{\"@id\":\"https:\/\/sanjoseabogados.com\/en\/#website\"},\"datePublished\":\"2019-11-18T11:03:21+00:00\",\"breadcrumb\":{\"@id\":\"https:\/\/sanjoseabogados.com\/en\/condiciones-de-uso\/#breadcrumb\"},\"inLanguage\":\"en-US\",\"potentialAction\":[{\"@type\":\"ReadAction\",\"target\":[\"https:\/\/sanjoseabogados.com\/en\/condiciones-de-uso\/\"]}]},{\"@type\":\"BreadcrumbList\",\"@id\":\"https:\/\/sanjoseabogados.com\/en\/condiciones-de-uso\/#breadcrumb\",\"itemListElement\":[{\"@type\":\"ListItem\",\"position\":1,\"name\":\"Portada\",\"item\":\"https:\/\/sanjoseabogados.com\/en\/\"},{\"@type\":\"ListItem\",\"position\":2,\"name\":\"Condiciones de uso\"}]},{\"@type\":\"WebSite\",\"@id\":\"https:\/\/sanjoseabogados.com\/en\/#website\",\"url\":\"https:\/\/sanjoseabogados.com\/en\/\",\"name\":\"Despacho Abogados San Jose\",\"description\":\"Despacho abogados en Bilbao\",\"potentialAction\":[{\"@type\":\"SearchAction\",\"target\":{\"@type\":\"EntryPoint\",\"urlTemplate\":\"https:\/\/sanjoseabogados.com\/en\/?s={search_term_string}\"},\"query-input\":{\"@type\":\"PropertyValueSpecification\",\"valueRequired\":true,\"valueName\":\"search_term_string\"}}],\"inLanguage\":\"en-US\"}]}<\/script>\n<!-- \/ Yoast SEO plugin. -->","yoast_head_json":{"title":"Condiciones de uso - Despacho Abogados San Jose","robots":{"index":"noindex","follow":"nofollow"},"og_locale":"en_US","og_type":"article","og_title":"Condiciones de uso - Despacho Abogados San Jose","og_description":"Condiciones de uso Bienvenid@ al sitio web de IPARLEHEN, S.L. (sanjoseabogados\u2122). La informaci\u00f3n facilitada en este sitio tiene \u00fanicamente fines informativos. Rogamos que lea y examine detenidamente estas Condiciones de Uso antes de utilizar o acceder a este sitio web. Al utilizar o acceder a este sitio web, usted reconoce que ha le\u00eddo, entendido y [&hellip;]","og_url":"https:\/\/sanjoseabogados.com\/en\/condiciones-de-uso\/","og_site_name":"Despacho Abogados San Jose","twitter_card":"summary_large_image","twitter_misc":{"Est. reading time":"6 minutes"},"schema":{"@context":"https:\/\/schema.org","@graph":[{"@type":"WebPage","@id":"https:\/\/sanjoseabogados.com\/en\/condiciones-de-uso\/","url":"https:\/\/sanjoseabogados.com\/en\/condiciones-de-uso\/","name":"Condiciones de uso - Despacho Abogados San Jose","isPartOf":{"@id":"https:\/\/sanjoseabogados.com\/en\/#website"},"datePublished":"2019-11-18T11:03:21+00:00","breadcrumb":{"@id":"https:\/\/sanjoseabogados.com\/en\/condiciones-de-uso\/#breadcrumb"},"inLanguage":"en-US","potentialAction":[{"@type":"ReadAction","target":["https:\/\/sanjoseabogados.com\/en\/condiciones-de-uso\/"]}]},{"@type":"BreadcrumbList","@id":"https:\/\/sanjoseabogados.com\/en\/condiciones-de-uso\/#breadcrumb","itemListElement":[{"@type":"ListItem","position":1,"name":"Portada","item":"https:\/\/sanjoseabogados.com\/en\/"},{"@type":"ListItem","position":2,"name":"Condiciones de uso"}]},{"@type":"WebSite","@id":"https:\/\/sanjoseabogados.com\/en\/#website","url":"https:\/\/sanjoseabogados.com\/en\/","name":"Despacho Abogados San Jose","description":"Despacho abogados en Bilbao","potentialAction":[{"@type":"SearchAction","target":{"@type":"EntryPoint","urlTemplate":"https:\/\/sanjoseabogados.com\/en\/?s={search_term_string}"},"query-input":{"@type":"PropertyValueSpecification","valueRequired":true,"valueName":"search_term_string"}}],"inLanguage":"en-US"}]}},"_links":{"self":[{"href":"https:\/\/sanjoseabogados.com\/en\/wp-json\/wp\/v2\/pages\/5042","targetHints":{"allow":["GET"]}}],"collection":[{"href":"https:\/\/sanjoseabogados.com\/en\/wp-json\/wp\/v2\/pages"}],"about":[{"href":"https:\/\/sanjoseabogados.com\/en\/wp-json\/wp\/v2\/types\/page"}],"author":[{"embeddable":true,"href":"https:\/\/sanjoseabogados.com\/en\/wp-json\/wp\/v2\/users\/1"}],"replies":[{"embeddable":true,"href":"https:\/\/sanjoseabogados.com\/en\/wp-json\/wp\/v2\/comments?post=5042"}],"version-history":[{"count":0,"href":"https:\/\/sanjoseabogados.com\/en\/wp-json\/wp\/v2\/pages\/5042\/revisions"}],"wp:attachment":[{"href":"https:\/\/sanjoseabogados.com\/en\/wp-json\/wp\/v2\/media?parent=5042"}],"curies":[{"name":"wp","href":"https:\/\/api.w.org\/{rel}","templated":true}]}}