{"id":5051,"date":"2019-09-24T10:15:10","date_gmt":"2019-09-24T08:15:10","guid":{"rendered":"https:\/\/label-design.es\/sanjose\/politica-privacidad\/"},"modified":"2020-01-24T14:49:18","modified_gmt":"2020-01-24T13:49:18","slug":"politica-privacidad","status":"publish","type":"page","link":"https:\/\/sanjoseabogados.com\/en\/politica-privacidad\/","title":{"rendered":"Pol\u00edtica de privacidad"},"content":{"rendered":"<p>&nbsp;<\/p>\r\n<h1><strong>Pol\u00edtica de privacidad<\/strong><\/h1>\r\n\r\n<p>La navegaci\u00f3n y uso de la p\u00e1gina web www.sanjoseabogados.com implicar\u00e1 la adhesi\u00f3n plena y sin reservas a todas y cada una de las condiciones de esta pol\u00edtica de privacidad.<\/p>\r\n<h3 class=\"wp-block-heading\">Ley de Protecci\u00f3n de Datos<\/h3>\r\n<p>Los datos personales que el Usuario facilita al ponerse en contacto con IPARLEHEN, S.L. (sanjoseabogados\u2122) ser\u00e1n incluidos en un fichero de datos cuya finalidad ser\u00e1 gestionar la respuesta a las consultas o sugerencias planteadas, mejorar el dise\u00f1o y\/o el contenido de la p\u00e1gina y adaptarla a nuestros clientes, y enviarles noticias, novedades y ofertas comerciales sobre la empresa (por correo electr\u00f3nico o por cualquier otro medio de comunicaci\u00f3n).<\/p>\r\n<p>www.sanjoseabogados.com dominio web, perteneciente a la IPARLEHEN, S.L. (sanjoseabogados\u2122), responsable de ficheros, se compromete a respetar la confidencialidad de su informaci\u00f3n de car\u00e1cter personal y tratar\u00e1 todos los datos de conformidad con lo establecido en la Ley Org\u00e1nica de Protecci\u00f3n de Datos de Car\u00e1cter Personal. As\u00ed mismo, se informa a los Usuarios de sus derechos de acceso, rectificaci\u00f3n, cancelaci\u00f3n y, en su caso, oposici\u00f3n, los cuales podr\u00e1n ejercitar dirigi\u00e9ndose a la siguiente direcci\u00f3n: IPARLEHEN, S.L. (sanjoseabogados\u2122), C\/ Iparraguirre, 1 \u2013 1\u00ba Izd.<br \/>48009 Bilbao.<\/p>\r\n<h3>Ley Aplicable y Jurisdicci\u00f3n<\/h3>\r\n<p>Para la resoluci\u00f3n de todas las controversias o cuestiones relacionadas con el presente sitio web o de las actividades en \u00e9l desarrolladas, ser\u00e1 de aplicaci\u00f3n la legislaci\u00f3n espa\u00f1ola, a la que se someten expresamente las partes. Como requisito previo al comienzo del litigio, IPARLEHEN, S.L. (sanjoseabogados\u2122) y el cliente se obligan a negociar de buena fe para resolver el litigio o controversia durante el plazo de un (1) mes contando desde la fecha en que una de las partes notifique por escrito a la otra su pretensi\u00f3n potencialmente litigiosa.<\/p>\r\n<p>Los usuarios de nuestra web son conscientes de todo lo expuesto y lo aceptan voluntariamente.<\/p>\r\n","protected":false},"excerpt":{"rendered":"<p>&nbsp; Pol\u00edtica de privacidad La navegaci\u00f3n y uso de la p\u00e1gina web www.sanjoseabogados.com implicar\u00e1 la adhesi\u00f3n plena y sin reservas a todas y cada una de las condiciones de esta pol\u00edtica de privacidad. Ley de Protecci\u00f3n de Datos Los datos personales que el Usuario facilita al ponerse en contacto con IPARLEHEN, S.L. (sanjoseabogados\u2122) ser\u00e1n incluidos [&hellip;]<\/p>\n","protected":false},"author":1,"featured_media":0,"parent":0,"menu_order":0,"comment_status":"closed","ping_status":"closed","template":"","meta":{"footnotes":""},"class_list":["post-5051","page","type-page","status-publish","hentry"],"yoast_head":"<!-- This site is optimized with the Yoast SEO plugin v27.2 - https:\/\/yoast.com\/product\/yoast-seo-wordpress\/ -->\n<title>Pol\u00edtica de privacidad - Despacho Abogados San Jose<\/title>\n<meta name=\"robots\" content=\"index, follow, max-snippet:-1, max-image-preview:large, max-video-preview:-1\" \/>\n<link rel=\"canonical\" href=\"https:\/\/sanjoseabogados.com\/en\/politica-privacidad\/\" \/>\n<meta property=\"og:locale\" content=\"en_US\" \/>\n<meta property=\"og:type\" content=\"article\" \/>\n<meta property=\"og:title\" content=\"Pol\u00edtica de privacidad - Despacho Abogados San Jose\" \/>\n<meta property=\"og:description\" content=\"&nbsp; Pol\u00edtica de privacidad La navegaci\u00f3n y uso de la p\u00e1gina web www.sanjoseabogados.com implicar\u00e1 la adhesi\u00f3n plena y sin reservas a todas y cada una de las condiciones de esta pol\u00edtica de privacidad. Ley de Protecci\u00f3n de Datos Los datos personales que el Usuario facilita al ponerse en contacto con IPARLEHEN, S.L. (sanjoseabogados\u2122) ser\u00e1n incluidos [&hellip;]\" \/>\n<meta property=\"og:url\" content=\"https:\/\/sanjoseabogados.com\/en\/politica-privacidad\/\" \/>\n<meta property=\"og:site_name\" content=\"Despacho Abogados San Jose\" \/>\n<meta property=\"article:modified_time\" content=\"2020-01-24T13:49:18+00:00\" \/>\n<meta name=\"twitter:card\" content=\"summary_large_image\" \/>\n<meta name=\"twitter:label1\" content=\"Est. reading time\" \/>\n\t<meta name=\"twitter:data1\" content=\"2 minutes\" \/>\n<script type=\"application\/ld+json\" class=\"yoast-schema-graph\">{\"@context\":\"https:\/\/schema.org\",\"@graph\":[{\"@type\":\"WebPage\",\"@id\":\"https:\/\/sanjoseabogados.com\/en\/politica-privacidad\/\",\"url\":\"https:\/\/sanjoseabogados.com\/en\/politica-privacidad\/\",\"name\":\"Pol\u00edtica de privacidad - Despacho Abogados San Jose\",\"isPartOf\":{\"@id\":\"https:\/\/sanjoseabogados.com\/en\/#website\"},\"datePublished\":\"2019-09-24T08:15:10+00:00\",\"dateModified\":\"2020-01-24T13:49:18+00:00\",\"breadcrumb\":{\"@id\":\"https:\/\/sanjoseabogados.com\/en\/politica-privacidad\/#breadcrumb\"},\"inLanguage\":\"en-US\",\"potentialAction\":[{\"@type\":\"ReadAction\",\"target\":[\"https:\/\/sanjoseabogados.com\/en\/politica-privacidad\/\"]}]},{\"@type\":\"BreadcrumbList\",\"@id\":\"https:\/\/sanjoseabogados.com\/en\/politica-privacidad\/#breadcrumb\",\"itemListElement\":[{\"@type\":\"ListItem\",\"position\":1,\"name\":\"Portada\",\"item\":\"https:\/\/sanjoseabogados.com\/en\/\"},{\"@type\":\"ListItem\",\"position\":2,\"name\":\"Pol\u00edtica de privacidad\"}]},{\"@type\":\"WebSite\",\"@id\":\"https:\/\/sanjoseabogados.com\/en\/#website\",\"url\":\"https:\/\/sanjoseabogados.com\/en\/\",\"name\":\"Despacho Abogados San Jose\",\"description\":\"Despacho abogados en Bilbao\",\"potentialAction\":[{\"@type\":\"SearchAction\",\"target\":{\"@type\":\"EntryPoint\",\"urlTemplate\":\"https:\/\/sanjoseabogados.com\/en\/?s={search_term_string}\"},\"query-input\":{\"@type\":\"PropertyValueSpecification\",\"valueRequired\":true,\"valueName\":\"search_term_string\"}}],\"inLanguage\":\"en-US\"}]}<\/script>\n<!-- \/ Yoast SEO plugin. -->","yoast_head_json":{"title":"Pol\u00edtica de privacidad - Despacho Abogados San Jose","robots":{"index":"index","follow":"follow","max-snippet":"max-snippet:-1","max-image-preview":"max-image-preview:large","max-video-preview":"max-video-preview:-1"},"canonical":"https:\/\/sanjoseabogados.com\/en\/politica-privacidad\/","og_locale":"en_US","og_type":"article","og_title":"Pol\u00edtica de privacidad - Despacho Abogados San Jose","og_description":"&nbsp; Pol\u00edtica de privacidad La navegaci\u00f3n y uso de la p\u00e1gina web www.sanjoseabogados.com implicar\u00e1 la adhesi\u00f3n plena y sin reservas a todas y cada una de las condiciones de esta pol\u00edtica de privacidad. Ley de Protecci\u00f3n de Datos Los datos personales que el Usuario facilita al ponerse en contacto con IPARLEHEN, S.L. (sanjoseabogados\u2122) ser\u00e1n incluidos [&hellip;]","og_url":"https:\/\/sanjoseabogados.com\/en\/politica-privacidad\/","og_site_name":"Despacho Abogados San Jose","article_modified_time":"2020-01-24T13:49:18+00:00","twitter_card":"summary_large_image","twitter_misc":{"Est. reading time":"2 minutes"},"schema":{"@context":"https:\/\/schema.org","@graph":[{"@type":"WebPage","@id":"https:\/\/sanjoseabogados.com\/en\/politica-privacidad\/","url":"https:\/\/sanjoseabogados.com\/en\/politica-privacidad\/","name":"Pol\u00edtica de privacidad - Despacho Abogados San Jose","isPartOf":{"@id":"https:\/\/sanjoseabogados.com\/en\/#website"},"datePublished":"2019-09-24T08:15:10+00:00","dateModified":"2020-01-24T13:49:18+00:00","breadcrumb":{"@id":"https:\/\/sanjoseabogados.com\/en\/politica-privacidad\/#breadcrumb"},"inLanguage":"en-US","potentialAction":[{"@type":"ReadAction","target":["https:\/\/sanjoseabogados.com\/en\/politica-privacidad\/"]}]},{"@type":"BreadcrumbList","@id":"https:\/\/sanjoseabogados.com\/en\/politica-privacidad\/#breadcrumb","itemListElement":[{"@type":"ListItem","position":1,"name":"Portada","item":"https:\/\/sanjoseabogados.com\/en\/"},{"@type":"ListItem","position":2,"name":"Pol\u00edtica de privacidad"}]},{"@type":"WebSite","@id":"https:\/\/sanjoseabogados.com\/en\/#website","url":"https:\/\/sanjoseabogados.com\/en\/","name":"Despacho Abogados San Jose","description":"Despacho abogados en Bilbao","potentialAction":[{"@type":"SearchAction","target":{"@type":"EntryPoint","urlTemplate":"https:\/\/sanjoseabogados.com\/en\/?s={search_term_string}"},"query-input":{"@type":"PropertyValueSpecification","valueRequired":true,"valueName":"search_term_string"}}],"inLanguage":"en-US"}]}},"_links":{"self":[{"href":"https:\/\/sanjoseabogados.com\/en\/wp-json\/wp\/v2\/pages\/5051","targetHints":{"allow":["GET"]}}],"collection":[{"href":"https:\/\/sanjoseabogados.com\/en\/wp-json\/wp\/v2\/pages"}],"about":[{"href":"https:\/\/sanjoseabogados.com\/en\/wp-json\/wp\/v2\/types\/page"}],"author":[{"embeddable":true,"href":"https:\/\/sanjoseabogados.com\/en\/wp-json\/wp\/v2\/users\/1"}],"replies":[{"embeddable":true,"href":"https:\/\/sanjoseabogados.com\/en\/wp-json\/wp\/v2\/comments?post=5051"}],"version-history":[{"count":1,"href":"https:\/\/sanjoseabogados.com\/en\/wp-json\/wp\/v2\/pages\/5051\/revisions"}],"predecessor-version":[{"id":5052,"href":"https:\/\/sanjoseabogados.com\/en\/wp-json\/wp\/v2\/pages\/5051\/revisions\/5052"}],"wp:attachment":[{"href":"https:\/\/sanjoseabogados.com\/en\/wp-json\/wp\/v2\/media?parent=5051"}],"curies":[{"name":"wp","href":"https:\/\/api.w.org\/{rel}","templated":true}]}}