{"id":4391,"date":"2019-12-05T15:06:54","date_gmt":"2019-12-05T14:06:54","guid":{"rendered":"https:\/\/label-design.es\/sanjose\/asesoria\/"},"modified":"2020-03-12T10:43:54","modified_gmt":"2020-03-12T09:43:54","slug":"aholkularitza-taldea","status":"publish","type":"page","link":"https:\/\/sanjoseabogados.com\/eu\/aholkularitza-taldea\/","title":{"rendered":"Aholkularitza"},"content":{"rendered":"<div id='av_section_1' class='avia-section main_color avia-section-default avia-no-border-styling avia-full-stretch av-section-color-overlay-active avia-bg-style-scroll  avia-builder-el-0  el_before_av_section  avia-builder-el-first   av-minimum-height av-minimum-height-custom container_wrap fullsize' style='background-repeat: no-repeat; background-image: url(https:\/\/sanjoseabogados.com\/wp-content\/uploads\/2020\/01\/recepcion-eus-300x77.png);background-attachment: scroll; background-position: center center;  '  data-section-bg-repeat='stretch'><div class='av-section-color-overlay-wrap'><div class='av-section-color-overlay' style='opacity: 0.6; background-color: #2c2c2c; '><\/div><div class='container' style='height:230px'><main  role=\"main\" itemprop=\"mainContentOfPage\"  class='template-page content  av-content-full alpha units'><div class='post-entry post-entry-type-page post-entry-4391'><div class='entry-content-wrapper clearfix'>\n<div class=\"flex_column av_one_full  av-animated-generic left-to-right  flex_column_div av-zero-column-padding first  avia-builder-el-1  avia-builder-el-no-sibling  \" style='margin-top:0px; margin-bottom:0px; border-radius:0px; '><div style='padding-bottom:0px; margin:0 0 0 0; color:#ffffff;font-size:5vw;' class='av-special-heading av-special-heading-h2 custom-color-heading blockquote modern-quote modern-centered  avia-builder-el-2  avia-builder-el-no-sibling  av-inherit-size '><h2 class='av-special-heading-tag  av-mini-font-size-overwrite av-mini-font-size-50'  itemprop=\"headline\"  >Aholkularitza<\/h2><div class='special-heading-border'><div class='special-heading-inner-border' style='border-color:#ffffff'><\/div><\/div><\/div><\/div>\n\n<\/div><\/div><\/main><!-- close content main element --><\/div><\/div><\/div><div id='av_section_2' class='avia-section main_color avia-section-small avia-no-border-styling avia-bg-style-scroll  avia-builder-el-3  el_after_av_section  el_before_av_section   container_wrap fullsize' style=' '  ><div class='container' ><div class='template-page content  av-content-full alpha units'><div class='post-entry post-entry-type-page post-entry-4391'><div class='entry-content-wrapper clearfix'>\n<div style=' margin-top:50px; margin-bottom:0px;'  class='hr hr-custom hr-center hr-icon-no   avia-builder-el-4  el_before_av_one_half  avia-builder-el-first '><span class='hr-inner   inner-border-av-border-thin' style=' width:50px;' ><span class='hr-inner-style'><\/span><\/span><\/div>\n<div class=\"flex_column av_one_half  av-animated-generic left-to-right  flex_column_div av-zero-column-padding first  avia-builder-el-5  el_after_av_hr  el_before_av_one_half  \" style='margin-top:0px; margin-bottom:0px; border-radius:3px; '><section class=\"av_textblock_section \"  itemscope=\"itemscope\" itemtype=\"https:\/\/schema.org\/CreativeWork\" ><div class='avia_textblock  '  style='font-size:18px; '  itemprop=\"text\" ><p>Nuestra Asesor\u00eda est\u00e1 compuesta por <strong>abogados, economistas y t\u00e9cnicos especializados<\/strong>, enfocados al asesoramiento y gesti\u00f3n integral de la empresa en el \u00e1rea de asesor\u00eda fiscal, contable y laboral.<\/p>\n<\/div><\/section><\/div><div class=\"flex_column av_one_half  av-animated-generic left-to-right  flex_column_div av-zero-column-padding   avia-builder-el-7  el_after_av_one_half  el_before_av_hr  \" style='margin-top:0px; margin-bottom:0px; border-radius:3px; '><section class=\"av_textblock_section \"  itemscope=\"itemscope\" itemtype=\"https:\/\/schema.org\/CreativeWork\" ><div class='avia_textblock  '  style='font-size:18px; '  itemprop=\"text\" ><p>Llevamos m\u00e1s de 20 a\u00f1os prestando servicios a nuestros clientes, y hacemos del rigor y el trato cercano nuestras se\u00f1as de identidad.<\/p>\n<\/div><\/section><\/div><div style=' margin-top:25px; margin-bottom:25px;'  class='hr hr-custom hr-center hr-icon-yes   avia-builder-el-9  el_after_av_one_half  el_before_av_one_full '><span class='hr-inner   inner-border-av-border-thin' style=' width:50px; border-color:#d3d3d3;' ><span class='hr-inner-style'><\/span><\/span><span class='av-seperator-icon' style='color:#072f4c;' aria-hidden='true' data-av_icon='\uf119' data-av_iconfont='justice'><\/span><span class='hr-inner   inner-border-av-border-thin' style=' width:50px; border-color:#d3d3d3;' ><span class='hr-inner-style'><\/span><\/span><\/div>\n<div class=\"flex_column av_one_full  av-animated-generic left-to-right  flex_column_div av-zero-column-padding first  avia-builder-el-10  el_after_av_hr  avia-builder-el-last  \" style='margin-top:0px; margin-bottom:0px; border-radius:3px; '><p><div class='avia-buttonrow-wrap avia-buttonrow-center   avia-builder-el-11  el_before_av_hr  avia-builder-el-first '>\n<a href='#sofia'  class='avia-button  avia-icon_select-no avia-color-custom avia-size-medium '  style='background-color:#ffffff; border-color:#ffffff; color:#000000; margin-bottom:10px; margin-left:5px; margin-right:5px; ' ><span class='avia_iconbox_title' >Sof\u00eda De La Pe\u00f1a Gumuzio<\/span><\/a>\n<a href='#naiara'  class='avia-button  avia-icon_select-no avia-color-custom avia-size-medium '  style='background-color:#ffffff; border-color:#ffffff; color:#000000; margin-bottom:10px; margin-left:5px; margin-right:5px; ' ><span class='avia_iconbox_title' >Naiara Menchaca Boyano<\/span><\/a>\n<a href='#guadalupe'  class='avia-button  avia-icon_select-no avia-color-custom avia-size-medium '  style='background-color:#ffffff; border-color:#ffffff; color:#000000; margin-bottom:10px; margin-left:5px; margin-right:5px; ' ><span class='avia_iconbox_title' >Guadalupe Mart\u00ednez Vicanco<\/span><\/a>\n<a href='#olaia'  class='avia-button  avia-icon_select-no avia-color-custom avia-size-medium '  style='background-color:#ffffff; border-color:#ffffff; color:#000000; margin-bottom:10px; margin-left:5px; margin-right:5px; ' ><span class='avia_iconbox_title' >Olaia Mar\u00edn Torres<\/span><\/a>\n<a href='#natalia'  class='avia-button  avia-icon_select-no avia-color-custom avia-size-medium '  style='background-color:#ffffff; border-color:#ffffff; color:#000000; margin-bottom:10px; margin-left:5px; margin-right:5px; ' ><span class='avia_iconbox_title' >Natalia Arechavala Hern\u00e1ndez<\/span><\/a>\n<\/div><br \/>\n<div style=' margin-top:25px; margin-bottom:25px;'  class='hr hr-custom hr-center hr-icon-yes   avia-builder-el-12  el_after_av_buttonrow  avia-builder-el-last '><span class='hr-inner   inner-border-av-border-thin' style=' width:50px; border-color:#d3d3d3;' ><span class='hr-inner-style'><\/span><\/span><span class='av-seperator-icon' style='color:#072f4c;' aria-hidden='true' data-av_icon='\uf119' data-av_iconfont='justice'><\/span><span class='hr-inner   inner-border-av-border-thin' style=' width:50px; border-color:#d3d3d3;' ><span class='hr-inner-style'><\/span><\/span><\/div><\/p><\/div>\n\n<\/div><\/div><\/div><!-- close content main div --><\/div><\/div><div id='sofia' class='avia-section main_color avia-section-small avia-no-border-styling avia-bg-style-scroll  avia-builder-el-13  el_after_av_section  el_before_av_hr   container_wrap fullsize' style=' '  ><div class='container' ><div class='template-page content  av-content-full alpha units'><div class='post-entry post-entry-type-page post-entry-4391'><div class='entry-content-wrapper clearfix'>\n<div class=\"flex_column av_two_fifth  flex_column_div av-zero-column-padding first  avia-builder-el-14  el_before_av_three_fifth  avia-builder-el-first  \" style='border-radius:0px; '><div class='avia-image-container  av-styling-    avia-builder-el-15  avia-builder-el-no-sibling  avia-align-center '  itemprop=\"ImageObject\" itemscope=\"itemscope\" itemtype=\"https:\/\/schema.org\/ImageObject\"  ><div class='avia-image-container-inner'><div class='avia-image-overlay-wrap'><img class='avia_image' src='https:\/\/sanjoseabogados.com\/wp-content\/uploads\/2020\/03\/sofia.jpg' alt='Sof\u00eda De La Pe\u00f1a Gumuzio' title='' height=\"300\" width=\"300\"  itemprop=\"thumbnailUrl\"  \/><\/div><\/div><\/div><\/div><div class=\"flex_column av_three_fifth  flex_column_div   avia-builder-el-16  el_after_av_two_fifth  avia-builder-el-last  \" style='padding:10px 0px 0px 0px ; border-radius:0px; '><p><div style='padding-bottom:10px; font-size:30px;' class='av-special-heading av-special-heading-h3  blockquote modern-quote  avia-builder-el-17  el_before_av_textblock  avia-builder-el-first   av-inherit-size '><h3 class='av-special-heading-tag '  itemprop=\"headline\"  >Sof\u00eda De La Pe\u00f1a Gumuzio<\/h3><div class ='av-subheading av-subheading_below  ' style='font-size:15px;'><p>Contabilidad<\/p>\n<\/div><div class='special-heading-border'><div class='special-heading-inner-border' ><\/div><\/div><\/div><br \/>\n<section class=\"av_textblock_section \"  itemscope=\"itemscope\" itemtype=\"https:\/\/schema.org\/CreativeWork\" ><div class='avia_textblock  '   itemprop=\"text\" ><p>T\u00e9cnico Superior en Administraci\u00f3n y Finanzas. Especialista en contabilidad y RRHH.<\/p>\n<p><strong>Idiomas<\/strong><\/p>\n<p>Ingl\u00e9s y Franc\u00e9s.<\/p>\n<p><strong>E-mail:<\/strong> <a href=\"mailto:asesoria@sanjoseabogados.com\">asesoria@sanjoseabogados.com<\/a><\/p>\n<\/div><\/section><\/p><\/div>\n<\/div><\/div><\/div><!-- close content main div --><\/div><\/div><div id='after_section_3' class='main_color av_default_container_wrap container_wrap fullsize' style=' '  ><div class='container' ><div class='template-page content  av-content-full alpha units'><div class='post-entry post-entry-type-page post-entry-4391'><div class='entry-content-wrapper clearfix'>\n<div style='height:20px' class='hr hr-invisible   avia-builder-el-19  el_after_av_section  el_before_av_section  avia-builder-el-no-sibling '><span class='hr-inner ' ><span class='hr-inner-style'><\/span><\/span><\/div>\n<\/div><\/div><\/div><!-- close content main div --><\/div><\/div><div id='naiara' class='avia-section main_color avia-section-small avia-no-border-styling avia-bg-style-scroll  avia-builder-el-20  el_after_av_hr  el_before_av_hr   container_wrap fullsize' style=' '  ><div class='container' ><div class='template-page content  av-content-full alpha units'><div class='post-entry post-entry-type-page post-entry-4391'><div class='entry-content-wrapper clearfix'>\n<div class=\"flex_column av_two_fifth  flex_column_div av-zero-column-padding first  avia-builder-el-21  el_before_av_three_fifth  avia-builder-el-first  \" style='border-radius:0px; '><div class='avia-image-container  av-styling-    avia-builder-el-22  avia-builder-el-no-sibling  avia-align-center '  itemprop=\"ImageObject\" itemscope=\"itemscope\" itemtype=\"https:\/\/schema.org\/ImageObject\"  ><div class='avia-image-container-inner'><div class='avia-image-overlay-wrap'><img class='avia_image' src='https:\/\/sanjoseabogados.com\/wp-content\/uploads\/2020\/03\/naiara.jpg' alt='Naiara Menchaca Boyano' title='' height=\"300\" width=\"300\"  itemprop=\"thumbnailUrl\"  \/><\/div><\/div><\/div><\/div><div class=\"flex_column av_three_fifth  flex_column_div   avia-builder-el-23  el_after_av_two_fifth  avia-builder-el-last  \" style='padding:10px 0px 0px 0px ; border-radius:0px; '><p><div style='padding-bottom:10px; font-size:30px;' class='av-special-heading av-special-heading-h3  blockquote modern-quote  avia-builder-el-24  el_before_av_textblock  avia-builder-el-first   av-inherit-size '><h3 class='av-special-heading-tag '  itemprop=\"headline\"  >Naiara Menchaca Boyano<\/h3><div class ='av-subheading av-subheading_below  ' style='font-size:15px;'><p>Contabilidad y fiscalidad<\/p>\n<\/div><div class='special-heading-border'><div class='special-heading-inner-border' ><\/div><\/div><\/div><br \/>\n<section class=\"av_textblock_section \"  itemscope=\"itemscope\" itemtype=\"https:\/\/schema.org\/CreativeWork\" ><div class='avia_textblock  '   itemprop=\"text\" ><p>Licenciada en Administraci\u00f3n y Direcci\u00f3n de Empresas por la Universidad del Pa\u00eds Vasco. Especialista en contabilidad.<\/p>\n<p>T\u00edtulo especialista en tributaci\u00f3n de la Universidad del Pa\u00eds Vasco.<\/p>\n<p><strong>Idiomas<\/strong><\/p>\n<p>Ingl\u00e9s y Euskera<\/p>\n<p><strong>E-mail:<\/strong> <a href=\"mailto:n.menchaca@sanjoseabogados.com\">n.menchaca@sanjoseabogados.com<\/a><\/p>\n<\/div><\/section><\/p><\/div>\n<\/div><\/div><\/div><!-- close content main div --><\/div><\/div><div id='after_section_4' class='main_color av_default_container_wrap container_wrap fullsize' style=' '  ><div class='container' ><div class='template-page content  av-content-full alpha units'><div class='post-entry post-entry-type-page post-entry-4391'><div class='entry-content-wrapper clearfix'>\n<div style='height:20px' class='hr hr-invisible   avia-builder-el-26  el_after_av_section  el_before_av_section  avia-builder-el-no-sibling '><span class='hr-inner ' ><span class='hr-inner-style'><\/span><\/span><\/div>\n<\/div><\/div><\/div><!-- close content main div --><\/div><\/div><div id='guadalupe' class='avia-section main_color avia-section-small avia-no-border-styling avia-bg-style-scroll  avia-builder-el-27  el_after_av_hr  el_before_av_hr   container_wrap fullsize' style=' '  ><div class='container' ><div class='template-page content  av-content-full alpha units'><div class='post-entry post-entry-type-page post-entry-4391'><div class='entry-content-wrapper clearfix'>\n<div class=\"flex_column av_two_fifth  flex_column_div av-zero-column-padding first  avia-builder-el-28  el_before_av_three_fifth  avia-builder-el-first  \" style='border-radius:0px; '><div class='avia-image-container  av-styling-    avia-builder-el-29  avia-builder-el-no-sibling  avia-align-center '  itemprop=\"ImageObject\" itemscope=\"itemscope\" itemtype=\"https:\/\/schema.org\/ImageObject\"  ><div class='avia-image-container-inner'><div class='avia-image-overlay-wrap'><img class='avia_image' src='https:\/\/sanjoseabogados.com\/wp-content\/uploads\/2020\/03\/guadalupe.jpg' alt='Guadalupe Mart\u00ednez Vicanco' title='' height=\"300\" width=\"300\"  itemprop=\"thumbnailUrl\"  \/><\/div><\/div><\/div><\/div><div class=\"flex_column av_three_fifth  flex_column_div   avia-builder-el-30  el_after_av_two_fifth  avia-builder-el-last  \" style='padding:10px 0px 0px 0px ; border-radius:0px; '><p><div style='padding-bottom:10px; font-size:30px;' class='av-special-heading av-special-heading-h3  blockquote modern-quote  avia-builder-el-31  el_before_av_textblock  avia-builder-el-first   av-inherit-size '><h3 class='av-special-heading-tag '  itemprop=\"headline\"  >Guadalupe Mart\u00ednez Vicanco<\/h3><div class ='av-subheading av-subheading_below  ' style='font-size:15px;'><p>Asesor\u00eda laboral<\/p>\n<\/div><div class='special-heading-border'><div class='special-heading-inner-border' ><\/div><\/div><\/div><br \/>\n<section class=\"av_textblock_section \"  itemscope=\"itemscope\" itemtype=\"https:\/\/schema.org\/CreativeWork\" ><div class='avia_textblock  '   itemprop=\"text\" ><p>Licenciada en Administraci\u00f3n y Direcci\u00f3n de Empresas por la Universidad de Sarriko (Bilbao). Especialista en RRHH.<\/p>\n<p><strong>Idiomas<\/strong><\/p>\n<p>Ingl\u00e9s<\/p>\n<p><strong>E-mail:<\/strong> <a href=\"mailto:asesoria@sanjoseabogados.com\">asesoria@sanjoseabogados.com<\/a><\/p>\n<\/div><\/section><\/p><\/div>\n<\/div><\/div><\/div><!-- close content main div --><\/div><\/div><div id='after_section_5' class='main_color av_default_container_wrap container_wrap fullsize' style=' '  ><div class='container' ><div class='template-page content  av-content-full alpha units'><div class='post-entry post-entry-type-page post-entry-4391'><div class='entry-content-wrapper clearfix'>\n<div style='height:20px' class='hr hr-invisible   avia-builder-el-33  el_after_av_section  el_before_av_section  avia-builder-el-no-sibling '><span class='hr-inner ' ><span class='hr-inner-style'><\/span><\/span><\/div>\n<\/div><\/div><\/div><!-- close content main div --><\/div><\/div><div id='olaia' class='avia-section main_color avia-section-small avia-no-border-styling avia-bg-style-scroll  avia-builder-el-34  el_after_av_hr  el_before_av_hr   container_wrap fullsize' style=' '  ><div class='container' ><div class='template-page content  av-content-full alpha units'><div class='post-entry post-entry-type-page post-entry-4391'><div class='entry-content-wrapper clearfix'>\n<div class=\"flex_column av_two_fifth  flex_column_div av-zero-column-padding first  avia-builder-el-35  el_before_av_three_fifth  avia-builder-el-first  \" style='border-radius:0px; '><div class='avia-image-container  av-styling-    avia-builder-el-36  avia-builder-el-no-sibling  avia-align-center '  itemprop=\"ImageObject\" itemscope=\"itemscope\" itemtype=\"https:\/\/schema.org\/ImageObject\"  ><div class='avia-image-container-inner'><div class='avia-image-overlay-wrap'><img class='avia_image' src='https:\/\/sanjoseabogados.com\/wp-content\/uploads\/2020\/03\/olaia.jpg' alt='Olaia Mar\u00edn Torres' title='' height=\"300\" width=\"300\"  itemprop=\"thumbnailUrl\"  \/><\/div><\/div><\/div><\/div><div class=\"flex_column av_three_fifth  flex_column_div   avia-builder-el-37  el_after_av_two_fifth  avia-builder-el-last  \" style='padding:10px 0px 0px 0px ; border-radius:0px; '><p><div style='padding-bottom:10px; font-size:30px;' class='av-special-heading av-special-heading-h3  blockquote modern-quote  avia-builder-el-38  el_before_av_textblock  avia-builder-el-first   av-inherit-size '><h3 class='av-special-heading-tag '  itemprop=\"headline\"  >Olaia Mar\u00edn Torres<\/h3><div class ='av-subheading av-subheading_below  ' style='font-size:15px;'><p>Fiscalidad<\/p>\n<\/div><div class='special-heading-border'><div class='special-heading-inner-border' ><\/div><\/div><\/div><br \/>\n<section class=\"av_textblock_section \"  itemscope=\"itemscope\" itemtype=\"https:\/\/schema.org\/CreativeWork\" ><div class='avia_textblock  '   itemprop=\"text\" ><p>M\u00e1ster en Asesor\u00eda Fiscal<\/p>\n<p>Grado en Fiscalidad y Administraci\u00f3n P\u00fablica por la Universidad de Pa\u00eds Vasco. Especialista en fiscalidad.<\/p>\n<p><strong>Idiomas<\/strong><\/p>\n<p>Ingl\u00e9s y Euskera<\/p>\n<p><strong>E-mail:<\/strong> <a href=\"mailto:areafiscal@sanjoseabogados.com\">areafiscal@sanjoseabogados.com<\/a><\/p>\n<\/div><\/section><\/p><\/div>\n<\/div><\/div><\/div><!-- close content main div --><\/div><\/div><div id='after_section_6' class='main_color av_default_container_wrap container_wrap fullsize' style=' '  ><div class='container' ><div class='template-page content  av-content-full alpha units'><div class='post-entry post-entry-type-page post-entry-4391'><div class='entry-content-wrapper clearfix'>\n<div style='height:20px' class='hr hr-invisible   avia-builder-el-40  el_after_av_section  el_before_av_section  avia-builder-el-no-sibling '><span class='hr-inner ' ><span class='hr-inner-style'><\/span><\/span><\/div>\n<\/div><\/div><\/div><!-- close content main div --><\/div><\/div><div id='natalia' class='avia-section main_color avia-section-small avia-no-border-styling avia-bg-style-scroll  avia-builder-el-41  el_after_av_hr  avia-builder-el-last   container_wrap fullsize' style=' '  ><div class='container' ><div class='template-page content  av-content-full alpha units'><div class='post-entry post-entry-type-page post-entry-4391'><div class='entry-content-wrapper clearfix'>\n<div class=\"flex_column av_two_fifth  flex_column_div av-zero-column-padding first  avia-builder-el-42  el_before_av_three_fifth  avia-builder-el-first  \" style='border-radius:0px; '><div class='avia-image-container  av-styling-    avia-builder-el-43  avia-builder-el-no-sibling  avia-align-center '  itemprop=\"ImageObject\" itemscope=\"itemscope\" itemtype=\"https:\/\/schema.org\/ImageObject\"  ><div class='avia-image-container-inner'><div class='avia-image-overlay-wrap'><img class='avia_image' src='https:\/\/sanjoseabogados.com\/wp-content\/uploads\/2020\/03\/natalia.jpg' alt='Natalia Arechavala Hern\u00e1ndez' title='' height=\"300\" width=\"300\"  itemprop=\"thumbnailUrl\"  \/><\/div><\/div><\/div><\/div><div class=\"flex_column av_three_fifth  flex_column_div   avia-builder-el-44  el_after_av_two_fifth  el_before_av_hr  \" style='padding:10px 0px 0px 0px ; border-radius:0px; '><p><div style='padding-bottom:10px; font-size:30px;' class='av-special-heading av-special-heading-h3  blockquote modern-quote  avia-builder-el-45  el_before_av_textblock  avia-builder-el-first   av-inherit-size '><h3 class='av-special-heading-tag '  itemprop=\"headline\"  >Natalia Arechavala Hern\u00e1ndez<\/h3><div class ='av-subheading av-subheading_below  ' style='font-size:15px;'><p>Administrativa<\/p>\n<\/div><div class='special-heading-border'><div class='special-heading-inner-border' ><\/div><\/div><\/div><br \/>\n<section class=\"av_textblock_section \"  itemscope=\"itemscope\" itemtype=\"https:\/\/schema.org\/CreativeWork\" ><div class='avia_textblock  '   itemprop=\"text\" ><p>Secretariado de Direcci\u00f3n por la Universidad de Deusto (Bilbao).<\/p>\n<p><strong>Idiomas<\/strong><\/p>\n<p>Ingl\u00e9s, Franc\u00e9s y Catal\u00e1n<\/p>\n<p><strong>E-mail:<\/strong> <a href=\"mailto:info@sanjoseabogados.com\">info@sanjoseabogados.com<\/a><\/p>\n<\/div><\/section><\/p><\/div><div style='height:20px' class='hr hr-invisible   avia-builder-el-47  el_after_av_three_fifth  avia-builder-el-last '><span class='hr-inner ' ><span class='hr-inner-style'><\/span><\/span><\/div>\n\n","protected":false},"excerpt":{"rendered":"","protected":false},"author":1,"featured_media":0,"parent":0,"menu_order":0,"comment_status":"open","ping_status":"closed","template":"","meta":{"footnotes":""},"class_list":["post-4391","page","type-page","status-publish","hentry"],"yoast_head":"<!-- This site is optimized with the Yoast SEO plugin v27.2 - https:\/\/yoast.com\/product\/yoast-seo-wordpress\/ -->\n<title>Aholkularitza - Despacho Abogados San Jose<\/title>\n<meta name=\"robots\" content=\"index, follow, max-snippet:-1, max-image-preview:large, max-video-preview:-1\" \/>\n<link rel=\"canonical\" href=\"https:\/\/sanjoseabogados.com\/eu\/aholkularitza-taldea\/\" \/>\n<meta property=\"og:locale\" content=\"eu_ES\" \/>\n<meta property=\"og:type\" content=\"article\" \/>\n<meta property=\"og:title\" content=\"Aholkularitza - Despacho Abogados San Jose\" \/>\n<meta property=\"og:url\" content=\"https:\/\/sanjoseabogados.com\/eu\/aholkularitza-taldea\/\" \/>\n<meta property=\"og:site_name\" content=\"Despacho Abogados San Jose\" \/>\n<meta property=\"article:modified_time\" content=\"2020-03-12T09:43:54+00:00\" \/>\n<meta name=\"twitter:card\" content=\"summary_large_image\" \/>\n<meta name=\"twitter:label1\" content=\"Est. reading time\" \/>\n\t<meta name=\"twitter:data1\" content=\"21 minutes\" \/>\n<script type=\"application\/ld+json\" class=\"yoast-schema-graph\">{\"@context\":\"https:\/\/schema.org\",\"@graph\":[{\"@type\":\"WebPage\",\"@id\":\"https:\/\/sanjoseabogados.com\/eu\/aholkularitza-taldea\/\",\"url\":\"https:\/\/sanjoseabogados.com\/eu\/aholkularitza-taldea\/\",\"name\":\"Aholkularitza - Despacho Abogados San Jose\",\"isPartOf\":{\"@id\":\"https:\/\/sanjoseabogados.com\/eu\/#website\"},\"datePublished\":\"2019-12-05T14:06:54+00:00\",\"dateModified\":\"2020-03-12T09:43:54+00:00\",\"breadcrumb\":{\"@id\":\"https:\/\/sanjoseabogados.com\/eu\/aholkularitza-taldea\/#breadcrumb\"},\"inLanguage\":\"eu-ES\",\"potentialAction\":[{\"@type\":\"ReadAction\",\"target\":[\"https:\/\/sanjoseabogados.com\/eu\/aholkularitza-taldea\/\"]}]},{\"@type\":\"BreadcrumbList\",\"@id\":\"https:\/\/sanjoseabogados.com\/eu\/aholkularitza-taldea\/#breadcrumb\",\"itemListElement\":[{\"@type\":\"ListItem\",\"position\":1,\"name\":\"Portada\",\"item\":\"https:\/\/sanjoseabogados.com\/eu\/\"},{\"@type\":\"ListItem\",\"position\":2,\"name\":\"Aholkularitza\"}]},{\"@type\":\"WebSite\",\"@id\":\"https:\/\/sanjoseabogados.com\/eu\/#website\",\"url\":\"https:\/\/sanjoseabogados.com\/eu\/\",\"name\":\"Despacho Abogados San Jose\",\"description\":\"Despacho abogados en Bilbao\",\"potentialAction\":[{\"@type\":\"SearchAction\",\"target\":{\"@type\":\"EntryPoint\",\"urlTemplate\":\"https:\/\/sanjoseabogados.com\/eu\/?s={search_term_string}\"},\"query-input\":{\"@type\":\"PropertyValueSpecification\",\"valueRequired\":true,\"valueName\":\"search_term_string\"}}],\"inLanguage\":\"eu-ES\"}]}<\/script>\n<!-- \/ Yoast SEO plugin. -->","yoast_head_json":{"title":"Aholkularitza - Despacho Abogados San Jose","robots":{"index":"index","follow":"follow","max-snippet":"max-snippet:-1","max-image-preview":"max-image-preview:large","max-video-preview":"max-video-preview:-1"},"canonical":"https:\/\/sanjoseabogados.com\/eu\/aholkularitza-taldea\/","og_locale":"eu_ES","og_type":"article","og_title":"Aholkularitza - Despacho Abogados San Jose","og_url":"https:\/\/sanjoseabogados.com\/eu\/aholkularitza-taldea\/","og_site_name":"Despacho Abogados San Jose","article_modified_time":"2020-03-12T09:43:54+00:00","twitter_card":"summary_large_image","twitter_misc":{"Est. reading time":"21 minutes"},"schema":{"@context":"https:\/\/schema.org","@graph":[{"@type":"WebPage","@id":"https:\/\/sanjoseabogados.com\/eu\/aholkularitza-taldea\/","url":"https:\/\/sanjoseabogados.com\/eu\/aholkularitza-taldea\/","name":"Aholkularitza - Despacho Abogados San Jose","isPartOf":{"@id":"https:\/\/sanjoseabogados.com\/eu\/#website"},"datePublished":"2019-12-05T14:06:54+00:00","dateModified":"2020-03-12T09:43:54+00:00","breadcrumb":{"@id":"https:\/\/sanjoseabogados.com\/eu\/aholkularitza-taldea\/#breadcrumb"},"inLanguage":"eu-ES","potentialAction":[{"@type":"ReadAction","target":["https:\/\/sanjoseabogados.com\/eu\/aholkularitza-taldea\/"]}]},{"@type":"BreadcrumbList","@id":"https:\/\/sanjoseabogados.com\/eu\/aholkularitza-taldea\/#breadcrumb","itemListElement":[{"@type":"ListItem","position":1,"name":"Portada","item":"https:\/\/sanjoseabogados.com\/eu\/"},{"@type":"ListItem","position":2,"name":"Aholkularitza"}]},{"@type":"WebSite","@id":"https:\/\/sanjoseabogados.com\/eu\/#website","url":"https:\/\/sanjoseabogados.com\/eu\/","name":"Despacho Abogados San Jose","description":"Despacho abogados en Bilbao","potentialAction":[{"@type":"SearchAction","target":{"@type":"EntryPoint","urlTemplate":"https:\/\/sanjoseabogados.com\/eu\/?s={search_term_string}"},"query-input":{"@type":"PropertyValueSpecification","valueRequired":true,"valueName":"search_term_string"}}],"inLanguage":"eu-ES"}]}},"_links":{"self":[{"href":"https:\/\/sanjoseabogados.com\/eu\/wp-json\/wp\/v2\/pages\/4391","targetHints":{"allow":["GET"]}}],"collection":[{"href":"https:\/\/sanjoseabogados.com\/eu\/wp-json\/wp\/v2\/pages"}],"about":[{"href":"https:\/\/sanjoseabogados.com\/eu\/wp-json\/wp\/v2\/types\/page"}],"author":[{"embeddable":true,"href":"https:\/\/sanjoseabogados.com\/eu\/wp-json\/wp\/v2\/users\/1"}],"replies":[{"embeddable":true,"href":"https:\/\/sanjoseabogados.com\/eu\/wp-json\/wp\/v2\/comments?post=4391"}],"version-history":[{"count":16,"href":"https:\/\/sanjoseabogados.com\/eu\/wp-json\/wp\/v2\/pages\/4391\/revisions"}],"predecessor-version":[{"id":6939,"href":"https:\/\/sanjoseabogados.com\/eu\/wp-json\/wp\/v2\/pages\/4391\/revisions\/6939"}],"wp:attachment":[{"href":"https:\/\/sanjoseabogados.com\/eu\/wp-json\/wp\/v2\/media?parent=4391"}],"curies":[{"name":"wp","href":"https:\/\/api.w.org\/{rel}","templated":true}]}}