{"id":4721,"date":"2019-10-08T12:24:45","date_gmt":"2019-10-08T10:24:45","guid":{"rendered":"https:\/\/label-design.es\/sanjose\/inicio-2\/"},"modified":"2020-08-10T11:13:14","modified_gmt":"2020-08-10T09:13:14","slug":"inicio-2","status":"publish","type":"page","link":"https:\/\/sanjoseabogados.com\/eu\/","title":{"rendered":"Hasiera"},"content":{"rendered":"<div id='av_section_1' class='avia-section main_color avia-section-no-padding avia-no-border-styling avia-bg-style-scroll  avia-builder-el-0  el_before_av_section  avia-builder-el-first   container_wrap fullsize' style=' '  ><div class='container' ><main  role=\"main\" itemprop=\"mainContentOfPage\"  class='template-page content  av-content-full alpha units'><div class='post-entry post-entry-type-page post-entry-4721'><div class='entry-content-wrapper clearfix'>\n\n\n<\/div><\/div><\/main><!-- close content main element --><\/div><\/div><div id='av_section_2' class='avia-section main_color avia-section-large avia-no-border-styling avia-bg-style-scroll  avia-builder-el-2  el_after_av_section  el_before_av_section   container_wrap fullsize' style=' '  ><div class='container' ><div class='template-page content  av-content-full alpha units'><div class='post-entry post-entry-type-page post-entry-4721'><div class='entry-content-wrapper clearfix'>\n<div class=\"flex_column av_one_half  av-animated-generic left-to-right  flex_column_div av-zero-column-padding first  avia-builder-el-3  el_before_av_one_half  avia-builder-el-first  \" style='border-radius:3px; '><section class=\"av_textblock_section \"  itemscope=\"itemscope\" itemtype=\"https:\/\/schema.org\/CreativeWork\" ><div class='avia_textblock  '  style='font-size:18px; '  itemprop=\"text\" ><p>San Jos\u00e9 Abogadosen 20 urte baino gehiago daramatzagu pertsona, enpresa, eta erakunde publikoei, \u00a0lege-aholkularitza integrala ematen, gure bezeroentzat emaitzarik onenak lortzeko zuzendutako sistema baten bitartez.<\/p>\n<\/div><\/section><\/div><div class=\"flex_column av_one_half  av-animated-generic left-to-right  flex_column_div av-zero-column-padding   avia-builder-el-5  el_after_av_one_half  avia-builder-el-last  \" style='border-radius:3px; '><section class=\"av_textblock_section \"  itemscope=\"itemscope\" itemtype=\"https:\/\/schema.org\/CreativeWork\" ><div class='avia_textblock  '  style='font-size:18px; '  itemprop=\"text\" ><p><span lang=\"eu\">Estatu osoko\u00a0 Auzitegi eta Epaitegietan jarduten dugu \u00a0eta nazioarteko empresa ezberdinekin \u00a0harreman\u00a0estuak\u00a0mantentzen ditugu, gure mugak gainditzen dituzten gaiak eramateko.<\/span><\/p>\n<\/div><\/section><\/div>\n\n<\/div><\/div><\/div><!-- close content main div --><\/div><\/div><div id='av_section_3' class='avia-section main_color avia-section-default avia-no-border-styling avia-bg-style-scroll  avia-builder-el-7  el_after_av_section  el_before_av_section   container_wrap fullsize' style='background-color: #f79941;background-image: linear-gradient(45deg,#f79941,#f79941); '  ><div class='container' ><div class='template-page content  av-content-full alpha units'><div class='post-entry post-entry-type-page post-entry-4721'><div class='entry-content-wrapper clearfix'>\n<div class='flex_column_table av-equal-height-column-flextable -flextable' ><div class=\"flex_column av_one_full  flex_column_table_cell av-equal-height-column av-align-middle av-zero-column-padding first  avia-builder-el-8  avia-builder-el-no-sibling  \" style='border-radius:0px; '><p><div style='padding-bottom:30px; color:#ffffff;font-size:40px;' class='av-special-heading av-special-heading-h2 custom-color-heading blockquote modern-quote modern-centered  avia-builder-el-9  el_before_av_button  avia-builder-el-first  av-inherit-size '><h2 class='av-special-heading-tag '  itemprop=\"headline\"  >Zure kasua edozein dela ere, lagun diezazukegu. Deitu konpromisorik gabe.<\/h2><div class='special-heading-border'><div class='special-heading-inner-border' style='border-color:#ffffff'><\/div><\/div><\/div><br \/>\n<div class='avia-button-wrap avia-button-center  avia-builder-el-10  el_after_av_heading  avia-builder-el-last '><a href='https:\/\/sanjoseabogados.com\/eu\/abokatuak\/'  class='avia-button av-icon-on-hover  avia-icon_select-no avia-color-custom avia-size-large avia-position-center '  style='background-color:#ffffff; border-color:#ffffff; color:#000000; ' ><span class='avia_iconbox_title' >Jarri gurekin harremanetan<\/span><\/a><\/div><\/p><\/div><\/div><!--close column table wrapper. Autoclose: 1 -->\n\n<\/div><\/div><\/div><!-- close content main div --><\/div><\/div><div id='av_section_4' class='avia-section main_color avia-section-large avia-no-border-styling avia-bg-style-scroll  avia-builder-el-11  el_after_av_section  el_before_av_section   container_wrap fullsize' style=' '  ><div class='container' ><div class='template-page content  av-content-full alpha units'><div class='post-entry post-entry-type-page post-entry-4721'><div class='entry-content-wrapper clearfix'>\n<div style='padding-bottom:0px; margin:0 0 0 0; font-size:50px;' class='av-special-heading av-special-heading-h3  blockquote modern-quote modern-centered  avia-builder-el-12  el_before_av_textblock  avia-builder-el-first   av-inherit-size '><h3 class='av-special-heading-tag '  itemprop=\"headline\"  >Praktika-arloak<\/h3><div class='special-heading-border'><div class='special-heading-inner-border' ><\/div><\/div><\/div>\n<section class=\"av_textblock_section \"  itemscope=\"itemscope\" itemtype=\"https:\/\/schema.org\/CreativeWork\" ><div class='avia_textblock  '   itemprop=\"text\" ><p style=\"text-align: center;\">Aholkularitza juridikoko lanak egiten ditugu eta epaitegietan ordezkatzen zaitugu<\/p>\n<\/div><\/section>\n<div style=' margin-top:50px; margin-bottom:65px;'  class='hr hr-custom hr-center hr-icon-yes   avia-builder-el-14  el_after_av_textblock  el_before_av_one_third '><span class='hr-inner   inner-border-av-border-thin' style=' width:50px; border-color:#d3d3d3;' ><span class='hr-inner-style'><\/span><\/span><span class='av-seperator-icon' style='color:#072f4c;' aria-hidden='true' data-av_icon='\uf119' data-av_iconfont='justice'><\/span><span class='hr-inner   inner-border-av-border-thin' style=' width:50px; border-color:#d3d3d3;' ><span class='hr-inner-style'><\/span><\/span><\/div>\n<div class=\"flex_column av_one_third  av-animated-generic left-to-right  flex_column_div first  avia-builder-el-15  el_after_av_hr  el_before_av_one_third  \" style='margin-top:20px; margin-bottom:20px; background: #c1c1c1; padding:40px; background-color:#c1c1c1; border-radius:3px; '><p><span class=\"av_font_icon avia_animate_when_visible avia-icon-animate  av-icon-style-  avia-icon-pos-center \" style=\"color:#ffffff; border-color:#ffffff;\"><span class='av-icon-char' style='font-size:70px;line-height:70px;' aria-hidden='true' data-av_icon='\uf114' data-av_iconfont='justice' ><\/span><\/span><br \/>\n<div style='padding-bottom:10px; margin:20 20 20 20; color:#ffffff;' class='av-special-heading av-special-heading-h2 custom-color-heading blockquote modern-quote modern-centered  avia-builder-el-17  el_after_av_font_icon  avia-builder-el-last  av-linked-heading '><h2 class='av-special-heading-tag '  itemprop=\"headline\"  ><a href=\"https:\/\/sanjoseabogados.com\/eu\/zuzenbide-zibila\/\">Zuzenbide Zibila<\/a><\/h2><div class='special-heading-border'><div class='special-heading-inner-border' style='border-color:#ffffff'><\/div><\/div><\/div><\/p><\/div><div class=\"flex_column av_one_third  av-animated-generic left-to-right  flex_column_div   avia-builder-el-18  el_after_av_one_third  el_before_av_one_third  \" style='margin-top:20px; margin-bottom:20px; background:linear-gradient(45deg,#f79941,#f79941); padding:40px; background-color:#094978; border-radius:3px; '><p><span class=\"av_font_icon avia_animate_when_visible avia-icon-animate  av-icon-style-  avia-icon-pos-center \" style=\"color:#ffffff; border-color:#ffffff;\"><span class='av-icon-char' style='font-size:70px;line-height:70px;' aria-hidden='true' data-av_icon='\uf106' data-av_iconfont='justice' ><\/span><\/span><br \/>\n<div style='padding-bottom:10px; margin-top:25; color:#ffffff;' class='av-special-heading av-special-heading-h2 custom-color-heading blockquote modern-quote modern-centered  avia-builder-el-20  el_after_av_font_icon  avia-builder-el-last  av-linked-heading '><h2 class='av-special-heading-tag '  itemprop=\"headline\"  ><a href=\"https:\/\/sanjoseabogados.com\/eu\/merkataritza-zuzenbidea\/\">Merkataritza Zuzenbidea<\/a><\/h2><div class='special-heading-border'><div class='special-heading-inner-border' style='border-color:#ffffff'><\/div><\/div><\/div><\/p><\/div><div class=\"flex_column av_one_third  av-animated-generic left-to-right  flex_column_div   avia-builder-el-21  el_after_av_one_third  el_before_av_one_third  \" style='margin-top:20px; margin-bottom:20px; background: #c1c1c1; padding:40px; background-color:#c1c1c1; border-radius:3px; '><p><span class=\"av_font_icon avia_animate_when_visible avia-icon-animate  av-icon-style-  avia-icon-pos-center \" style=\"color:#ffffff; border-color:#ffffff;\"><span class='av-icon-char' style='font-size:70px;line-height:70px;' aria-hidden='true' data-av_icon='\uf116' data-av_iconfont='justice' ><\/span><\/span><br \/>\n<div style='padding-bottom:10px; margin-top:25; color:#ffffff;' class='av-special-heading av-special-heading-h2 custom-color-heading blockquote modern-quote modern-centered  avia-builder-el-23  el_after_av_font_icon  avia-builder-el-last  av-linked-heading '><h2 class='av-special-heading-tag '  itemprop=\"headline\"  ><a href=\"https:\/\/sanjoseabogados.com\/eu\/lan-zuzenbidea\/\">Lan zuzenbidea<\/a><\/h2><div class='special-heading-border'><div class='special-heading-inner-border' style='border-color:#ffffff'><\/div><\/div><\/div><\/p><\/div><div class=\"flex_column av_one_third  av-animated-generic left-to-right  flex_column_div first  avia-builder-el-24  el_after_av_one_third  el_before_av_one_third  column-top-margin\" style='background:linear-gradient(45deg,#f79941,#f79941); padding:40px; background-color:#094978; border-radius:3px; '><p><span class=\"av_font_icon avia_animate_when_visible avia-icon-animate  av-icon-style-  avia-icon-pos-center \" style=\"color:#ffffff; border-color:#ffffff;\"><span class='av-icon-char' style='font-size:70px;line-height:70px;' aria-hidden='true' data-av_icon='\uf101' data-av_iconfont='justice' ><\/span><\/span><br \/>\n<div style='padding-bottom:10px; margin-top:25; color:#ffffff;' class='av-special-heading av-special-heading-h2 custom-color-heading blockquote modern-quote modern-centered  avia-builder-el-26  el_after_av_font_icon  avia-builder-el-last  av-linked-heading '><h2 class='av-special-heading-tag '  itemprop=\"headline\"  ><a href=\"https:\/\/sanjoseabogados.com\/eu\/zerga-zuzenbidea\/\">Zerga Zuzenbidea<\/a><\/h2><div class='special-heading-border'><div class='special-heading-inner-border' style='border-color:#ffffff'><\/div><\/div><\/div><\/p><\/div><div class=\"flex_column av_one_third  av-animated-generic left-to-right  flex_column_div   avia-builder-el-27  el_after_av_one_third  el_before_av_one_third  column-top-margin\" style='background: #c1c1c1; padding:40px; background-color:#c1c1c1; border-radius:3px; '><p><span class=\"av_font_icon avia_animate_when_visible avia-icon-animate  av-icon-style-  avia-icon-pos-center \" style=\"color:#ffffff; border-color:#ffffff;\"><span class='av-icon-char' style='font-size:70px;line-height:70px;' aria-hidden='true' data-av_icon='\uf104' data-av_iconfont='justice' ><\/span><\/span><br \/>\n<div style='padding-bottom:10px; margin-top:25; color:#ffffff;' class='av-special-heading av-special-heading-h2 custom-color-heading blockquote modern-quote modern-centered  avia-builder-el-29  el_after_av_font_icon  avia-builder-el-last  av-linked-heading '><h2 class='av-special-heading-tag '  itemprop=\"headline\"  ><a href=\"https:\/\/sanjoseabogados.com\/eu\/administrazio-zuzenbidea\/\">Administrazio Zuzenbidea<\/a><\/h2><div class='special-heading-border'><div class='special-heading-inner-border' style='border-color:#ffffff'><\/div><\/div><\/div><\/p><\/div><div class=\"flex_column av_one_third  av-animated-generic left-to-right  flex_column_div   avia-builder-el-30  el_after_av_one_third  avia-builder-el-last  column-top-margin\" style='background:linear-gradient(45deg,#f79941,#f79941); padding:40px; background-color:#094978; border-radius:3px; '><p><span class=\"av_font_icon avia_animate_when_visible avia-icon-animate  av-icon-style-  avia-icon-pos-center \" style=\"color:#ffffff; border-color:#ffffff;\"><span class='av-icon-char' style='font-size:70px;line-height:70px;' aria-hidden='true' data-av_icon='\uf124' data-av_iconfont='justice' ><\/span><\/span><br \/>\n<div style='padding-bottom:10px; margin-top:25; color:#ffffff;' class='av-special-heading av-special-heading-h2 custom-color-heading blockquote modern-quote modern-centered  avia-builder-el-32  el_after_av_font_icon  avia-builder-el-last  av-linked-heading '><h2 class='av-special-heading-tag '  itemprop=\"headline\"  ><a href=\"https:\/\/sanjoseabogados.com\/eu\/zuzenbide-penala\/\">Zuzenbide Penala<\/a><\/h2><div class='special-heading-border'><div class='special-heading-inner-border' style='border-color:#ffffff'><\/div><\/div><\/div><\/p><\/div><\/div><\/div><\/div><!-- close content main div --><\/div><\/div><div id='av_section_5' class='avia-section main_color avia-section-small avia-no-border-styling avia-bg-style-scroll  avia-builder-el-33  el_after_av_section  avia-builder-el-last   container_wrap fullsize' style=' '  ><div class='container' ><div class='template-page content  av-content-full alpha units'><div class='post-entry post-entry-type-page post-entry-4721'><div class='entry-content-wrapper clearfix'>\n<div style='padding-bottom:0px; margin:0 0 0 0; font-size:50px;' class='av-special-heading av-special-heading-h3  blockquote modern-quote modern-centered  avia-builder-el-34  el_before_av_textblock  avia-builder-el-first   av-inherit-size '><h3 class='av-special-heading-tag '  itemprop=\"headline\"  >Gure bulegoa<\/h3><div class='special-heading-border'><div class='special-heading-inner-border' ><\/div><\/div><\/div>\n<section class=\"av_textblock_section \"  itemscope=\"itemscope\" itemtype=\"https:\/\/schema.org\/CreativeWork\" ><div class='avia_textblock  '   itemprop=\"text\" ><p style=\"text-align: center;\">Bilboko erdigunean gaude, hiriko gune garrantzitsuenetako batean (Kale Nagusitik eta Bilboko auzitegi eta epaitegietatik gertu).<\/p>\n<\/div><\/section>\n<div style=' margin-top:50px; margin-bottom:65px;'  class='hr hr-custom hr-center hr-icon-yes   avia-builder-el-36  el_after_av_textblock  el_before_av_masonry_gallery  avia-builder-el-last '><span class='hr-inner   inner-border-av-border-thin' style=' width:50px; border-color:#d3d3d3;' ><span class='hr-inner-style'><\/span><\/span><span class='av-seperator-icon' style='color:#072f4c;' aria-hidden='true' data-av_icon='\uf119' data-av_iconfont='justice'><\/span><span class='hr-inner   inner-border-av-border-thin' style=' width:50px; border-color:#d3d3d3;' ><span class='hr-inner-style'><\/span><\/span><\/div>\n<div id='av-masonry-1' class='av-masonry  noHover av-flex-size av-large-gap av-hover-overlay- av-masonry-animation-active av-masonry-col-4 av-caption-always av-caption-style- av-masonry-gallery     '  ><div class='av-masonry-container isotope av-js-disabled ' ><div class='av-masonry-entry isotope-item av-masonry-item-no-image '><\/div><a href=\"https:\/\/sanjoseabogados.com\/wp-content\/uploads\/2020\/01\/07-most-p-y-c-1030x773-1030x773.jpg\" id='av-masonry-1-item-4878' data-av-masonry-item='4878' class='av-masonry-entry isotope-item post-4878 attachment type-attachment status-inherit hentry  av-masonry-item-with-image' title=\"\"  itemprop=\"thumbnailUrl\" ><div class='av-inner-masonry-sizer'><\/div><figure class='av-inner-masonry main_color'><div class=\"av-masonry-outerimage-container\"><div class=\"av-masonry-image-container\" ><img decoding=\"async\" src=\"https:\/\/sanjoseabogados.com\/wp-content\/uploads\/2020\/01\/07-most-p-y-c-1030x773-705x529.jpg\" title=\"\" alt=\"Mostrador despacho abogados\" \/><\/div><\/div><\/figure><\/a><!--end av-masonry entry--><a href=\"https:\/\/sanjoseabogados.com\/wp-content\/uploads\/2020\/03\/sala-reuniones-san-jose-1030x773.jpg\" id='av-masonry-1-item-6710' data-av-masonry-item='6710' class='av-masonry-entry isotope-item post-6710 attachment type-attachment status-inherit hentry  av-masonry-item-with-image' title=\"sala-reuniones-san-jose\"  itemprop=\"thumbnailUrl\" ><div class='av-inner-masonry-sizer'><\/div><figure class='av-inner-masonry main_color'><div class=\"av-masonry-outerimage-container\"><div class=\"av-masonry-image-container\" ><img decoding=\"async\" src=\"https:\/\/sanjoseabogados.com\/wp-content\/uploads\/2020\/03\/sala-reuniones-san-jose-705x529.jpg\" title=\"sala-reuniones-san-jose\" alt=\"Sala reuniones San Jos\u00e9\" \/><\/div><\/div><\/figure><\/a><!--end av-masonry entry--><a href=\"https:\/\/sanjoseabogados.com\/wp-content\/uploads\/2020\/01\/pasillo-despacho-san-jose-abogados-705x529.jpg\" id='av-masonry-1-item-4869' data-av-masonry-item='4869' class='av-masonry-entry isotope-item post-4869 attachment type-attachment status-inherit hentry  av-masonry-item-with-image' title=\"\"  itemprop=\"thumbnailUrl\" ><div class='av-inner-masonry-sizer'><\/div><figure class='av-inner-masonry main_color'><div class=\"av-masonry-outerimage-container\"><div class=\"av-masonry-image-container\" ><img decoding=\"async\" src=\"https:\/\/sanjoseabogados.com\/wp-content\/uploads\/2020\/01\/pasillo-despacho-san-jose-abogados-705x529-705x529.jpg\" title=\"\" alt=\"Pasillo Despacho San Jos\u00e9 Abogados\" \/><\/div><\/div><\/figure><\/a><!--end av-masonry entry--><a href=\"https:\/\/sanjoseabogados.com\/wp-content\/uploads\/2020\/03\/trabajadores-san-jose-1030x773.jpg\" id='av-masonry-1-item-6713' data-av-masonry-item='6713' class='av-masonry-entry isotope-item post-6713 attachment type-attachment status-inherit hentry  av-masonry-item-with-image' title=\"trabajadores-san-jose\"  itemprop=\"thumbnailUrl\" ><div class='av-inner-masonry-sizer'><\/div><figure class='av-inner-masonry main_color'><div class=\"av-masonry-outerimage-container\"><div class=\"av-masonry-image-container\" ><img decoding=\"async\" src=\"https:\/\/sanjoseabogados.com\/wp-content\/uploads\/2020\/03\/trabajadores-san-jose-705x529.jpg\" title=\"trabajadores-san-jose\" alt=\"Trabajadores San Jose\" \/><\/div><\/div><\/figure><\/a><!--end av-masonry entry--><\/div><\/div>\n<\/p>\n","protected":false},"excerpt":{"rendered":"","protected":false},"author":1,"featured_media":0,"parent":0,"menu_order":0,"comment_status":"open","ping_status":"closed","template":"","meta":{"footnotes":""},"class_list":["post-4721","page","type-page","status-publish","hentry"],"yoast_head":"<!-- This site is optimized with the Yoast SEO plugin v27.2 - https:\/\/yoast.com\/product\/yoast-seo-wordpress\/ -->\n<title>Hasiera - Despacho Abogados San Jose<\/title>\n<meta name=\"description\" content=\"En San Jos\u00e9 Abogados llevamos m\u00e1s de 20 a\u00f1os prestando asesoramiento jur\u00eddico integral a personas, empresas, e instituciones p\u00fablicas.\" \/>\n<meta name=\"robots\" content=\"index, follow, max-snippet:-1, max-image-preview:large, max-video-preview:-1\" \/>\n<link rel=\"canonical\" href=\"https:\/\/sanjoseabogados.com\/eu\/\" \/>\n<meta property=\"og:locale\" content=\"eu_ES\" \/>\n<meta property=\"og:type\" content=\"article\" \/>\n<meta property=\"og:title\" content=\"Hasiera - Despacho Abogados San Jose\" \/>\n<meta property=\"og:description\" content=\"En San Jos\u00e9 Abogados llevamos m\u00e1s de 20 a\u00f1os prestando asesoramiento jur\u00eddico integral a personas, empresas, e instituciones p\u00fablicas.\" \/>\n<meta property=\"og:url\" content=\"https:\/\/sanjoseabogados.com\/eu\/\" \/>\n<meta property=\"og:site_name\" content=\"Despacho Abogados San Jose\" \/>\n<meta property=\"article:modified_time\" content=\"2020-08-10T09:13:14+00:00\" \/>\n<meta name=\"twitter:card\" content=\"summary_large_image\" \/>\n<meta name=\"twitter:label1\" content=\"Est. reading time\" \/>\n\t<meta name=\"twitter:data1\" content=\"14 minutes\" \/>\n<script type=\"application\/ld+json\" class=\"yoast-schema-graph\">{\"@context\":\"https:\/\/schema.org\",\"@graph\":[{\"@type\":\"WebPage\",\"@id\":\"https:\/\/sanjoseabogados.com\/eu\/\",\"url\":\"https:\/\/sanjoseabogados.com\/eu\/\",\"name\":\"Hasiera - Despacho Abogados San Jose\",\"isPartOf\":{\"@id\":\"https:\/\/sanjoseabogados.com\/eu\/#website\"},\"datePublished\":\"2019-10-08T10:24:45+00:00\",\"dateModified\":\"2020-08-10T09:13:14+00:00\",\"description\":\"En San Jos\u00e9 Abogados llevamos m\u00e1s de 20 a\u00f1os prestando asesoramiento jur\u00eddico integral a personas, empresas, e instituciones p\u00fablicas.\",\"breadcrumb\":{\"@id\":\"https:\/\/sanjoseabogados.com\/eu\/#breadcrumb\"},\"inLanguage\":\"eu-ES\",\"potentialAction\":[{\"@type\":\"ReadAction\",\"target\":[\"https:\/\/sanjoseabogados.com\/eu\/\"]}]},{\"@type\":\"BreadcrumbList\",\"@id\":\"https:\/\/sanjoseabogados.com\/eu\/#breadcrumb\",\"itemListElement\":[{\"@type\":\"ListItem\",\"position\":1,\"name\":\"Portada\",\"item\":\"https:\/\/sanjoseabogados.com\/eu\/\"},{\"@type\":\"ListItem\",\"position\":2,\"name\":\"Hasiera\"}]},{\"@type\":\"WebSite\",\"@id\":\"https:\/\/sanjoseabogados.com\/eu\/#website\",\"url\":\"https:\/\/sanjoseabogados.com\/eu\/\",\"name\":\"Despacho Abogados San Jose\",\"description\":\"Despacho abogados en Bilbao\",\"potentialAction\":[{\"@type\":\"SearchAction\",\"target\":{\"@type\":\"EntryPoint\",\"urlTemplate\":\"https:\/\/sanjoseabogados.com\/eu\/?s={search_term_string}\"},\"query-input\":{\"@type\":\"PropertyValueSpecification\",\"valueRequired\":true,\"valueName\":\"search_term_string\"}}],\"inLanguage\":\"eu-ES\"}]}<\/script>\n<!-- \/ Yoast SEO plugin. -->","yoast_head_json":{"title":"Hasiera - Despacho Abogados San Jose","description":"En San Jos\u00e9 Abogados llevamos m\u00e1s de 20 a\u00f1os prestando asesoramiento jur\u00eddico integral a personas, empresas, e instituciones p\u00fablicas.","robots":{"index":"index","follow":"follow","max-snippet":"max-snippet:-1","max-image-preview":"max-image-preview:large","max-video-preview":"max-video-preview:-1"},"canonical":"https:\/\/sanjoseabogados.com\/eu\/","og_locale":"eu_ES","og_type":"article","og_title":"Hasiera - Despacho Abogados San Jose","og_description":"En San Jos\u00e9 Abogados llevamos m\u00e1s de 20 a\u00f1os prestando asesoramiento jur\u00eddico integral a personas, empresas, e instituciones p\u00fablicas.","og_url":"https:\/\/sanjoseabogados.com\/eu\/","og_site_name":"Despacho Abogados San Jose","article_modified_time":"2020-08-10T09:13:14+00:00","twitter_card":"summary_large_image","twitter_misc":{"Est. reading time":"14 minutes"},"schema":{"@context":"https:\/\/schema.org","@graph":[{"@type":"WebPage","@id":"https:\/\/sanjoseabogados.com\/eu\/","url":"https:\/\/sanjoseabogados.com\/eu\/","name":"Hasiera - Despacho Abogados San Jose","isPartOf":{"@id":"https:\/\/sanjoseabogados.com\/eu\/#website"},"datePublished":"2019-10-08T10:24:45+00:00","dateModified":"2020-08-10T09:13:14+00:00","description":"En San Jos\u00e9 Abogados llevamos m\u00e1s de 20 a\u00f1os prestando asesoramiento jur\u00eddico integral a personas, empresas, e instituciones p\u00fablicas.","breadcrumb":{"@id":"https:\/\/sanjoseabogados.com\/eu\/#breadcrumb"},"inLanguage":"eu-ES","potentialAction":[{"@type":"ReadAction","target":["https:\/\/sanjoseabogados.com\/eu\/"]}]},{"@type":"BreadcrumbList","@id":"https:\/\/sanjoseabogados.com\/eu\/#breadcrumb","itemListElement":[{"@type":"ListItem","position":1,"name":"Portada","item":"https:\/\/sanjoseabogados.com\/eu\/"},{"@type":"ListItem","position":2,"name":"Hasiera"}]},{"@type":"WebSite","@id":"https:\/\/sanjoseabogados.com\/eu\/#website","url":"https:\/\/sanjoseabogados.com\/eu\/","name":"Despacho Abogados San Jose","description":"Despacho abogados en Bilbao","potentialAction":[{"@type":"SearchAction","target":{"@type":"EntryPoint","urlTemplate":"https:\/\/sanjoseabogados.com\/eu\/?s={search_term_string}"},"query-input":{"@type":"PropertyValueSpecification","valueRequired":true,"valueName":"search_term_string"}}],"inLanguage":"eu-ES"}]}},"_links":{"self":[{"href":"https:\/\/sanjoseabogados.com\/eu\/wp-json\/wp\/v2\/pages\/4721","targetHints":{"allow":["GET"]}}],"collection":[{"href":"https:\/\/sanjoseabogados.com\/eu\/wp-json\/wp\/v2\/pages"}],"about":[{"href":"https:\/\/sanjoseabogados.com\/eu\/wp-json\/wp\/v2\/types\/page"}],"author":[{"embeddable":true,"href":"https:\/\/sanjoseabogados.com\/eu\/wp-json\/wp\/v2\/users\/1"}],"replies":[{"embeddable":true,"href":"https:\/\/sanjoseabogados.com\/eu\/wp-json\/wp\/v2\/comments?post=4721"}],"version-history":[{"count":22,"href":"https:\/\/sanjoseabogados.com\/eu\/wp-json\/wp\/v2\/pages\/4721\/revisions"}],"predecessor-version":[{"id":7709,"href":"https:\/\/sanjoseabogados.com\/eu\/wp-json\/wp\/v2\/pages\/4721\/revisions\/7709"}],"wp:attachment":[{"href":"https:\/\/sanjoseabogados.com\/eu\/wp-json\/wp\/v2\/media?parent=4721"}],"curies":[{"name":"wp","href":"https:\/\/api.w.org\/{rel}","templated":true}]}}