{"id":4910,"date":"2019-11-18T14:05:26","date_gmt":"2019-11-18T13:05:26","guid":{"rendered":"https:\/\/label-design.es\/sanjose\/casos-reales\/"},"modified":"2020-03-02T11:25:40","modified_gmt":"2020-03-02T10:25:40","slug":"benetako-kasuak","status":"publish","type":"page","link":"https:\/\/sanjoseabogados.com\/eu\/benetako-kasuak\/","title":{"rendered":"Benetako kasuak"},"content":{"rendered":"<div id='av_section_1' class='avia-section main_color avia-section-default avia-no-border-styling avia-full-stretch av-section-color-overlay-active avia-bg-style-scroll  avia-builder-el-0  el_before_av_blog  avia-builder-el-first   av-minimum-height av-minimum-height-custom container_wrap fullsize' style='background-repeat: no-repeat; background-image: url(https:\/\/sanjoseabogados.com\/wp-content\/uploads\/2020\/01\/recepcion-eus-300x77.png);background-attachment: scroll; background-position: center center;  '  data-section-bg-repeat='stretch'><div class='av-section-color-overlay-wrap'><div class='av-section-color-overlay' style='opacity: 0.6; background-color: #2c2c2c; '><\/div><div class='container' style='height:230px'><main  role=\"main\" itemprop=\"mainContentOfPage\"  class='template-page content  av-content-full alpha units'><div class='post-entry post-entry-type-page post-entry-4910'><div class='entry-content-wrapper clearfix'>\n<div class=\"flex_column av_one_full  av-animated-generic left-to-right  flex_column_div av-zero-column-padding first  avia-builder-el-1  avia-builder-el-no-sibling  \" style='margin-top:0px; margin-bottom:0px; border-radius:0px; '><div style='padding-bottom:0px; margin:0 0 0 0; color:#ffffff;font-size:5vw;' class='av-special-heading av-special-heading-h2 custom-color-heading blockquote modern-quote modern-centered  avia-builder-el-2  avia-builder-el-no-sibling  av-inherit-size '><h2 class='av-special-heading-tag  av-mini-font-size-overwrite av-mini-font-size-50'  itemprop=\"headline\"  >Benetako kasuak<\/h2><div class='special-heading-border'><div class='special-heading-inner-border' style='border-color:#ffffff'><\/div><\/div><\/div><\/div>\n<\/div><\/div><\/main><!-- close content main element --><\/div><\/div><\/div><div id='after_section_1' class='main_color av_default_container_wrap container_wrap fullsize' style=' '  ><div class='container' ><div class='template-page content  av-content-full alpha units'><div class='post-entry post-entry-type-page post-entry-4910'><div class='entry-content-wrapper clearfix'>\n<div class='av-alb-blogposts template-blog  '  itemscope=\"itemscope\" itemtype=\"https:\/\/schema.org\/Blog\" ><article class='post-entry post-entry-type-standard post-entry-7713 post-loop-1 post-parity-odd single-big post  post-7713 portfolio type-portfolio status-publish hentry tag-clausula-suelo-eu tag-derecho-bancario-eu tag-reclamaciones-bancarias-eu portfolio_entries-casos-reales-eu'  itemscope=\"itemscope\" itemtype=\"https:\/\/schema.org\/CreativeWork\" ><div class='blog-meta'><\/div><div class='entry-content-wrapper clearfix standard-content'><header class=\"entry-content-header\"><h2 class='post-title entry-title'  itemprop=\"headline\" >\t<a href='https:\/\/sanjoseabogados.com\/eu\/casos-reales\/reclamaciones-bancarias\/' rel='bookmark' title='Permanent Link: Reclamaciones bancarias'>Reclamaciones bancarias\t\t\t<span class='post-format-icon minor-meta'><\/span>\t<\/a><\/h2><span class='post-meta-infos'><time class='date-container minor-meta updated' >2 June, 2020<\/time><span class='text-sep text-sep-date'>\/<\/span><span class=\"blog-categories minor-meta\">in <a href=\"https:\/\/sanjoseabogados.com\/eu\/portfolio_entries\/casos-reales-eu\/\" rel=\"tag\">Casos Reales<\/a> <\/span><span class=\"text-sep text-sep-cat\">\/<\/span><span class=\"blog-author minor-meta\">by <span class=\"entry-author-link\" ><span class=\"vcard author\"><span class=\"fn\"><a href=\"https:\/\/sanjoseabogados.com\/eu\/author\/san-jose-abogados\/\" title=\"Posts by San Jose Abogados\" rel=\"author\">San Jose Abogados<\/a><\/span><\/span><\/span><\/span><\/span><\/header><div class=\"entry-content\"  itemprop=\"text\" ><p>Ha pasado casi una d\u00e9cada desde las primeras Sentencias importantes en materia de reclamaciones bancarias.<\/p>\n<p>All\u00e1 por 2012 se empezaron a dictar resoluciones sobre productos complejos como los swaps, que se vend\u00edan a los clientes de los bancos como &#8220;seguros&#8221; ante eventuales subidas de los tipos de inter\u00e9s, pero que en realidad supon\u00edan un instrumento perfecto para que las entidades bancarias obtuvieran beneficios a medida que los tipos de inter\u00e9s bajaban.<\/p>\n<div class=\"read-more-link\"><a href=\"https:\/\/sanjoseabogados.com\/eu\/casos-reales\/reclamaciones-bancarias\/\" class=\"more-link\">Irakurri gehiago<span class=\"more-link-arrow\"><\/span><\/a><\/div>\n<\/div><footer class=\"entry-footer\"><\/footer><div class='post_delimiter'><\/div><\/div><div class='post_author_timeline'><\/div><span class='hidden'>\n\t\t\t<span class='av-structured-data'  itemprop=\"ImageObject\" itemscope=\"itemscope\" itemtype=\"https:\/\/schema.org\/ImageObject\"  itemprop='image'>\n\t\t\t\t\t   <span itemprop='url' >https:\/\/sanjoseabogados.com\/wp-content\/uploads\/2020\/08\/logo-s-jose-abogados-eus.png<\/span>\n\t\t\t\t\t   <span itemprop='height' >0<\/span>\n\t\t\t\t\t   <span itemprop='width' >0<\/span>\n\t\t\t\t  <\/span><span class='av-structured-data'  itemprop=\"publisher\" itemtype=\"https:\/\/schema.org\/Organization\" itemscope=\"itemscope\" >\n\t\t\t\t<span itemprop='name'>San Jose Abogados<\/span>\n\t\t\t\t<span itemprop='logo' itemscope itemtype='https:\/\/schema.org\/ImageObject'>\n\t\t\t\t   <span itemprop='url'>https:\/\/sanjoseabogados.com\/wp-content\/uploads\/2020\/08\/logo-s-jose-abogados-eus.png<\/span>\n\t\t\t\t <\/span>\n\t\t\t  <\/span><span class='av-structured-data'  itemprop=\"author\" itemscope=\"itemscope\" itemtype=\"https:\/\/schema.org\/Person\" ><span itemprop='name'>San Jose Abogados<\/span><\/span><span class='av-structured-data'  itemprop=\"datePublished\" datetime=\"2020-06-02T10:57:47+02:00\" >2020-06-02 10:57:47<\/span><span class='av-structured-data'  itemprop=\"dateModified\" itemtype=\"https:\/\/schema.org\/dateModified\" >2020-08-10 11:32:55<\/span><span class='av-structured-data'  itemprop=\"mainEntityOfPage\" itemtype=\"https:\/\/schema.org\/mainEntityOfPage\" ><span itemprop='name'>Reclamaciones bancarias<\/span><\/span><\/span><\/article><article class='post-entry post-entry-type-standard post-entry-7715 post-loop-2 post-parity-even single-big post  post-7715 portfolio type-portfolio status-publish hentry tag-apropiacion-indebida-eu portfolio_entries-casos-reales-eu'  itemscope=\"itemscope\" itemtype=\"https:\/\/schema.org\/CreativeWork\" ><div class='blog-meta'><\/div><div class='entry-content-wrapper clearfix standard-content'><header class=\"entry-content-header\"><h2 class='post-title entry-title'  itemprop=\"headline\" >\t<a href='https:\/\/sanjoseabogados.com\/eu\/casos-reales\/recibir-dinero-por-error-es-apropiacion-indebida\/' rel='bookmark' title='Permanent Link: Recibir dinero por error es apropiaci\u00f3n indebida'>Recibir dinero por error es apropiaci\u00f3n indebida\t\t\t<span class='post-format-icon minor-meta'><\/span>\t<\/a><\/h2><span class='post-meta-infos'><time class='date-container minor-meta updated' >1 May, 2020<\/time><span class='text-sep text-sep-date'>\/<\/span><span class=\"blog-categories minor-meta\">in <a href=\"https:\/\/sanjoseabogados.com\/eu\/portfolio_entries\/casos-reales-eu\/\" rel=\"tag\">Casos Reales<\/a> <\/span><span class=\"text-sep text-sep-cat\">\/<\/span><span class=\"blog-author minor-meta\">by <span class=\"entry-author-link\" ><span class=\"vcard author\"><span class=\"fn\"><a href=\"https:\/\/sanjoseabogados.com\/eu\/author\/san-jose-abogados\/\" title=\"Posts by San Jose Abogados\" rel=\"author\">San Jose Abogados<\/a><\/span><\/span><\/span><\/span><\/span><\/header><div class=\"entry-content\"  itemprop=\"text\" ><p>En 2009 vino al Despacho el representante de una Asociaci\u00f3n de Jubilados que hab\u00eda detectado que llevaban a\u00f1os pagando por un servicio que en realidad estaba sufragado por el Ayuntamiento de su Municipio.<\/p>\n<div class=\"read-more-link\"><a href=\"https:\/\/sanjoseabogados.com\/eu\/casos-reales\/recibir-dinero-por-error-es-apropiacion-indebida\/\" class=\"more-link\">Irakurri gehiago<span class=\"more-link-arrow\"><\/span><\/a><\/div>\n<\/div><footer class=\"entry-footer\"><\/footer><div class='post_delimiter'><\/div><\/div><div class='post_author_timeline'><\/div><span class='hidden'>\n\t\t\t<span class='av-structured-data'  itemprop=\"ImageObject\" itemscope=\"itemscope\" itemtype=\"https:\/\/schema.org\/ImageObject\"  itemprop='image'>\n\t\t\t\t\t   <span itemprop='url' >https:\/\/sanjoseabogados.com\/wp-content\/uploads\/2020\/08\/logo-s-jose-abogados-eus.png<\/span>\n\t\t\t\t\t   <span itemprop='height' >0<\/span>\n\t\t\t\t\t   <span itemprop='width' >0<\/span>\n\t\t\t\t  <\/span><span class='av-structured-data'  itemprop=\"publisher\" itemtype=\"https:\/\/schema.org\/Organization\" itemscope=\"itemscope\" >\n\t\t\t\t<span itemprop='name'>San Jose Abogados<\/span>\n\t\t\t\t<span itemprop='logo' itemscope itemtype='https:\/\/schema.org\/ImageObject'>\n\t\t\t\t   <span itemprop='url'>https:\/\/sanjoseabogados.com\/wp-content\/uploads\/2020\/08\/logo-s-jose-abogados-eus.png<\/span>\n\t\t\t\t <\/span>\n\t\t\t  <\/span><span class='av-structured-data'  itemprop=\"author\" itemscope=\"itemscope\" itemtype=\"https:\/\/schema.org\/Person\" ><span itemprop='name'>San Jose Abogados<\/span><\/span><span class='av-structured-data'  itemprop=\"datePublished\" datetime=\"2020-05-01T14:05:38+02:00\" >2020-05-01 14:05:38<\/span><span class='av-structured-data'  itemprop=\"dateModified\" itemtype=\"https:\/\/schema.org\/dateModified\" >2020-08-10 11:32:56<\/span><span class='av-structured-data'  itemprop=\"mainEntityOfPage\" itemtype=\"https:\/\/schema.org\/mainEntityOfPage\" ><span itemprop='name'>Recibir dinero por error es apropiaci\u00f3n indebida<\/span><\/span><\/span><\/article><article class='post-entry post-entry-type-standard post-entry-6384 post-loop-3 post-parity-odd post-entry-last single-big post  post-6384 portfolio type-portfolio status-publish hentry tag-prestacion-maternidad-eu portfolio_entries-casos-reales-eu'  itemscope=\"itemscope\" itemtype=\"https:\/\/schema.org\/CreativeWork\" ><div class='blog-meta'><\/div><div class='entry-content-wrapper clearfix standard-content'><header class=\"entry-content-header\"><h2 class='post-title entry-title'  itemprop=\"headline\" >\t<a href='https:\/\/sanjoseabogados.com\/eu\/casos-reales\/ganamos-a-la-administracion-publica-en-la-prestacion-de-maternidad\/' rel='bookmark' title='Permanent Link: Ganamos a la Administraci\u00f3n P\u00fablica en la prestaci\u00f3n de maternidad'>Ganamos a la Administraci\u00f3n P\u00fablica en la prestaci\u00f3n de maternidad\t\t\t<span class='post-format-icon minor-meta'><\/span>\t<\/a><\/h2><span class='post-meta-infos'><time class='date-container minor-meta updated' >3 March, 2020<\/time><span class='text-sep text-sep-date'>\/<\/span><span class=\"blog-categories minor-meta\">in <a href=\"https:\/\/sanjoseabogados.com\/eu\/portfolio_entries\/casos-reales-eu\/\" rel=\"tag\">Casos Reales<\/a> <\/span><span class=\"text-sep text-sep-cat\">\/<\/span><span class=\"blog-author minor-meta\">by <span class=\"entry-author-link\" ><span class=\"vcard author\"><span class=\"fn\"><a href=\"https:\/\/sanjoseabogados.com\/eu\/author\/san-jose-abogados\/\" title=\"Posts by San Jose Abogados\" rel=\"author\">San Jose Abogados<\/a><\/span><\/span><\/span><\/span><\/span><\/header><div class=\"entry-content\"  itemprop=\"text\" ><p>En julio de 2017 una clienta concert\u00f3 una reuni\u00f3n en San Jos\u00e9 Abogados para preguntar sobre una noticia que hab\u00eda visto en prensa, acerca del derecho a reclamar la devoluci\u00f3n de la cantidad tributada en la Declaraci\u00f3n de la Renta (IRPF), como consecuencia de la prestaci\u00f3n de maternidad que hab\u00eda recibido tras el nacimiento de su hija en 2013.<\/p>\n<div class=\"read-more-link\"><a href=\"https:\/\/sanjoseabogados.com\/eu\/casos-reales\/ganamos-a-la-administracion-publica-en-la-prestacion-de-maternidad\/\" class=\"more-link\">Irakurri gehiago<span class=\"more-link-arrow\"><\/span><\/a><\/div>\n<\/div><footer class=\"entry-footer\"><\/footer><div class='post_delimiter'><\/div><\/div><div class='post_author_timeline'><\/div><span class='hidden'>\n\t\t\t<span class='av-structured-data'  itemprop=\"ImageObject\" itemscope=\"itemscope\" itemtype=\"https:\/\/schema.org\/ImageObject\"  itemprop='image'>\n\t\t\t\t\t   <span itemprop='url' >https:\/\/sanjoseabogados.com\/wp-content\/uploads\/2020\/08\/logo-s-jose-abogados-eus.png<\/span>\n\t\t\t\t\t   <span itemprop='height' >0<\/span>\n\t\t\t\t\t   <span itemprop='width' >0<\/span>\n\t\t\t\t  <\/span><span class='av-structured-data'  itemprop=\"publisher\" itemtype=\"https:\/\/schema.org\/Organization\" itemscope=\"itemscope\" >\n\t\t\t\t<span itemprop='name'>San Jose Abogados<\/span>\n\t\t\t\t<span itemprop='logo' itemscope itemtype='https:\/\/schema.org\/ImageObject'>\n\t\t\t\t   <span itemprop='url'>https:\/\/sanjoseabogados.com\/wp-content\/uploads\/2020\/08\/logo-s-jose-abogados-eus.png<\/span>\n\t\t\t\t <\/span>\n\t\t\t  <\/span><span class='av-structured-data'  itemprop=\"author\" itemscope=\"itemscope\" itemtype=\"https:\/\/schema.org\/Person\" ><span itemprop='name'>San Jose Abogados<\/span><\/span><span class='av-structured-data'  itemprop=\"datePublished\" datetime=\"2020-03-03T12:26:46+01:00\" >2020-03-03 12:26:46<\/span><span class='av-structured-data'  itemprop=\"dateModified\" itemtype=\"https:\/\/schema.org\/dateModified\" >2020-03-02 11:51:29<\/span><span class='av-structured-data'  itemprop=\"mainEntityOfPage\" itemtype=\"https:\/\/schema.org\/mainEntityOfPage\" ><span itemprop='name'>Ganamos a la Administraci\u00f3n P\u00fablica en la prestaci\u00f3n de maternidad<\/span><\/span><\/span><\/article><div class='single-big'><nav class='pagination'><span class='pagination-meta'>Page 1 of 2<\/span><span class='current'>1<\/span><a href='https:\/\/sanjoseabogados.com\/eu\/wp-json\/wp\/v2\/pages\/4910\/page\/2\/' class='inactive next_page' >2<\/a><\/nav>\n<\/div><\/div>\n","protected":false},"excerpt":{"rendered":"","protected":false},"author":1,"featured_media":0,"parent":0,"menu_order":0,"comment_status":"closed","ping_status":"closed","template":"","meta":{"footnotes":""},"class_list":["post-4910","page","type-page","status-publish","hentry"],"yoast_head":"<!-- This site is optimized with the Yoast SEO plugin v27.2 - https:\/\/yoast.com\/product\/yoast-seo-wordpress\/ -->\n<title>Benetako kasuak - Despacho Abogados San Jose<\/title>\n<meta name=\"robots\" content=\"index, follow, max-snippet:-1, max-image-preview:large, max-video-preview:-1\" \/>\n<link rel=\"canonical\" href=\"https:\/\/sanjoseabogados.com\/eu\/benetako-kasuak\/\" \/>\n<meta property=\"og:locale\" content=\"eu_ES\" \/>\n<meta property=\"og:type\" content=\"article\" \/>\n<meta property=\"og:title\" content=\"Benetako kasuak - Despacho Abogados San Jose\" \/>\n<meta property=\"og:url\" content=\"https:\/\/sanjoseabogados.com\/eu\/benetako-kasuak\/\" \/>\n<meta property=\"og:site_name\" content=\"Despacho Abogados San Jose\" \/>\n<meta property=\"article:modified_time\" content=\"2020-03-02T10:25:40+00:00\" \/>\n<meta name=\"twitter:card\" content=\"summary_large_image\" \/>\n<meta name=\"twitter:label1\" content=\"Est. reading time\" \/>\n\t<meta name=\"twitter:data1\" content=\"2 minutes\" \/>\n<script type=\"application\/ld+json\" class=\"yoast-schema-graph\">{\"@context\":\"https:\/\/schema.org\",\"@graph\":[{\"@type\":\"WebPage\",\"@id\":\"https:\/\/sanjoseabogados.com\/eu\/benetako-kasuak\/\",\"url\":\"https:\/\/sanjoseabogados.com\/eu\/benetako-kasuak\/\",\"name\":\"Benetako kasuak - Despacho Abogados San Jose\",\"isPartOf\":{\"@id\":\"https:\/\/sanjoseabogados.com\/eu\/#website\"},\"datePublished\":\"2019-11-18T13:05:26+00:00\",\"dateModified\":\"2020-03-02T10:25:40+00:00\",\"breadcrumb\":{\"@id\":\"https:\/\/sanjoseabogados.com\/eu\/benetako-kasuak\/#breadcrumb\"},\"inLanguage\":\"eu-ES\",\"potentialAction\":[{\"@type\":\"ReadAction\",\"target\":[\"https:\/\/sanjoseabogados.com\/eu\/benetako-kasuak\/\"]}]},{\"@type\":\"BreadcrumbList\",\"@id\":\"https:\/\/sanjoseabogados.com\/eu\/benetako-kasuak\/#breadcrumb\",\"itemListElement\":[{\"@type\":\"ListItem\",\"position\":1,\"name\":\"Portada\",\"item\":\"https:\/\/sanjoseabogados.com\/eu\/\"},{\"@type\":\"ListItem\",\"position\":2,\"name\":\"Benetako kasuak\"}]},{\"@type\":\"WebSite\",\"@id\":\"https:\/\/sanjoseabogados.com\/eu\/#website\",\"url\":\"https:\/\/sanjoseabogados.com\/eu\/\",\"name\":\"Despacho Abogados San Jose\",\"description\":\"Despacho abogados en Bilbao\",\"potentialAction\":[{\"@type\":\"SearchAction\",\"target\":{\"@type\":\"EntryPoint\",\"urlTemplate\":\"https:\/\/sanjoseabogados.com\/eu\/?s={search_term_string}\"},\"query-input\":{\"@type\":\"PropertyValueSpecification\",\"valueRequired\":true,\"valueName\":\"search_term_string\"}}],\"inLanguage\":\"eu-ES\"}]}<\/script>\n<!-- \/ Yoast SEO plugin. -->","yoast_head_json":{"title":"Benetako kasuak - Despacho Abogados San Jose","robots":{"index":"index","follow":"follow","max-snippet":"max-snippet:-1","max-image-preview":"max-image-preview:large","max-video-preview":"max-video-preview:-1"},"canonical":"https:\/\/sanjoseabogados.com\/eu\/benetako-kasuak\/","og_locale":"eu_ES","og_type":"article","og_title":"Benetako kasuak - Despacho Abogados San Jose","og_url":"https:\/\/sanjoseabogados.com\/eu\/benetako-kasuak\/","og_site_name":"Despacho Abogados San Jose","article_modified_time":"2020-03-02T10:25:40+00:00","twitter_card":"summary_large_image","twitter_misc":{"Est. reading time":"2 minutes"},"schema":{"@context":"https:\/\/schema.org","@graph":[{"@type":"WebPage","@id":"https:\/\/sanjoseabogados.com\/eu\/benetako-kasuak\/","url":"https:\/\/sanjoseabogados.com\/eu\/benetako-kasuak\/","name":"Benetako kasuak - Despacho Abogados San Jose","isPartOf":{"@id":"https:\/\/sanjoseabogados.com\/eu\/#website"},"datePublished":"2019-11-18T13:05:26+00:00","dateModified":"2020-03-02T10:25:40+00:00","breadcrumb":{"@id":"https:\/\/sanjoseabogados.com\/eu\/benetako-kasuak\/#breadcrumb"},"inLanguage":"eu-ES","potentialAction":[{"@type":"ReadAction","target":["https:\/\/sanjoseabogados.com\/eu\/benetako-kasuak\/"]}]},{"@type":"BreadcrumbList","@id":"https:\/\/sanjoseabogados.com\/eu\/benetako-kasuak\/#breadcrumb","itemListElement":[{"@type":"ListItem","position":1,"name":"Portada","item":"https:\/\/sanjoseabogados.com\/eu\/"},{"@type":"ListItem","position":2,"name":"Benetako kasuak"}]},{"@type":"WebSite","@id":"https:\/\/sanjoseabogados.com\/eu\/#website","url":"https:\/\/sanjoseabogados.com\/eu\/","name":"Despacho Abogados San Jose","description":"Despacho abogados en Bilbao","potentialAction":[{"@type":"SearchAction","target":{"@type":"EntryPoint","urlTemplate":"https:\/\/sanjoseabogados.com\/eu\/?s={search_term_string}"},"query-input":{"@type":"PropertyValueSpecification","valueRequired":true,"valueName":"search_term_string"}}],"inLanguage":"eu-ES"}]}},"_links":{"self":[{"href":"https:\/\/sanjoseabogados.com\/eu\/wp-json\/wp\/v2\/pages\/4910","targetHints":{"allow":["GET"]}}],"collection":[{"href":"https:\/\/sanjoseabogados.com\/eu\/wp-json\/wp\/v2\/pages"}],"about":[{"href":"https:\/\/sanjoseabogados.com\/eu\/wp-json\/wp\/v2\/types\/page"}],"author":[{"embeddable":true,"href":"https:\/\/sanjoseabogados.com\/eu\/wp-json\/wp\/v2\/users\/1"}],"replies":[{"embeddable":true,"href":"https:\/\/sanjoseabogados.com\/eu\/wp-json\/wp\/v2\/comments?post=4910"}],"version-history":[{"count":7,"href":"https:\/\/sanjoseabogados.com\/eu\/wp-json\/wp\/v2\/pages\/4910\/revisions"}],"predecessor-version":[{"id":6390,"href":"https:\/\/sanjoseabogados.com\/eu\/wp-json\/wp\/v2\/pages\/4910\/revisions\/6390"}],"wp:attachment":[{"href":"https:\/\/sanjoseabogados.com\/eu\/wp-json\/wp\/v2\/media?parent=4910"}],"curies":[{"name":"wp","href":"https:\/\/api.w.org\/{rel}","templated":true}]}}