{"id":5046,"date":"2014-05-19T06:26:51","date_gmt":"2014-05-19T06:26:51","guid":{"rendered":"https:\/\/label-design.es\/sanjose\/politica-de-cookies\/"},"modified":"2014-05-19T06:26:51","modified_gmt":"2014-05-19T06:26:51","slug":"politica-de-cookies","status":"publish","type":"page","link":"https:\/\/sanjoseabogados.com\/eu\/politica-de-cookies\/","title":{"rendered":"Pol\u00edtica de cookies"},"content":{"rendered":"<p><\/p>\n<h1><strong>Pol\u00edtica de cookies<\/strong><\/h1>\n<p>Desde San Jos\u00e9 Abogados deseamos informarle que nuestra p\u00e1gina web utiliza cookies para analizar la navegaci\u00f3n de usuarios.<\/p>\n<p>Las cookies son unos archivos que se instalan en el equipo desde el que accedes a nuestra web con las finalidades que se describen en esta p\u00e1gina.<\/p>\n<p>La aplicaci\u00f3n que utilizamos para obtener y analizar la informaci\u00f3n de la navegaci\u00f3n es: Google Analytics: <strong>www.google.com\/analytics\/<\/strong> y <strong>http:\/\/www.google.es\/intl\/es\/analytics\/privacyoverview.html<\/strong><\/p>\n<p>Esta aplicaci\u00f3n ha sido desarrollada por Google, que nos presta el servicio de an\u00e1lisis de la audiencia de nuestra p\u00e1gina. Esta empresa puede utilizar estos datos para mejorar sus propios servicios y para ofrecer servicios a otras empresas. Puedes conocer esos otros usos desde los enlaces indicados.<\/p>\n<p>Esta herramienta no obtiene datos de los nombres o apellidos de los usuarios ni de la direcci\u00f3n postal desde donde se conectan. La informaci\u00f3n que obtiene esta relacionada por ejemplo con el n\u00famero de p\u00e1ginas visitas, el idioma, red social en la que se publican nuestras noticias, la ciudad a la que est\u00e1 asignada la direcci\u00f3n IP desde la que acceden los usuarios, el n\u00famero de usuarios que nos visitan, la frecuencia y reincidencia de las visitas, el tiempo de visita, el navegador que usan, el operador o tipo de terminal desde el que se realiza la visita.<\/p>\n<p>Esta informaci\u00f3n la utilizamos para mejorar nuestra p\u00e1gina, detectar nuevas necesidades y valorar las mejoras a introducir con la finalidad de prestar un mejor servicio a los usuarios que nos visitan.<\/p>\n<p>Para permitir, conocer, bloquear o eliminar las cookies instaladas en tu equipo puedes hacerlo mediante la configuraci\u00f3n de las opciones del navegador instalado en su ordenador.<\/p>\n<p>Por ejemplo puede encontrar informaci\u00f3n sobre c\u00f3mo hacerlo en el caso que uses como <strong>navegador<\/strong>:<\/p>\n<ul>\n<li><strong>Firefox<\/strong> desde aqu\u00ed: http:\/\/support.mozilla.org\/es\/products\/firefox\/cookies<\/li>\n<li><strong>Chrome<\/strong> desde aqu\u00ed: http:\/\/support.google.com\/chrome\/bin\/answer.py?hl=es&amp;answer=95647<\/li>\n<li><strong>Explorer<\/strong> desde aqu\u00ed: http:\/\/windows.microsoft.com\/es-es\/windows7\/how-to-manage-cookies-in-internet-explorer-9<\/li>\n<li><strong>Safari<\/strong> desde aqu\u00ed: http:\/\/support.apple.com\/kb\/ph5042<\/li>\n<li><strong>Opera<\/strong> desde aqu\u00ed: http:\/\/help.opera.com\/Windows\/11.50\/es-ES\/cookies.html<\/li>\n<\/ul>\n","protected":false},"excerpt":{"rendered":"<p>Pol\u00edtica de cookies Desde San Jos\u00e9 Abogados deseamos informarle que nuestra p\u00e1gina web utiliza cookies para analizar la navegaci\u00f3n de usuarios. Las cookies son unos archivos que se instalan en el equipo desde el que accedes a nuestra web con las finalidades que se describen en esta p\u00e1gina. La aplicaci\u00f3n que utilizamos para obtener y [&hellip;]<\/p>\n","protected":false},"author":1,"featured_media":0,"parent":0,"menu_order":0,"comment_status":"closed","ping_status":"closed","template":"","meta":{"footnotes":""},"class_list":["post-5046","page","type-page","status-publish","hentry"],"yoast_head":"<!-- This site is optimized with the Yoast SEO plugin v27.2 - https:\/\/yoast.com\/product\/yoast-seo-wordpress\/ -->\n<title>Pol\u00edtica de cookies - Despacho Abogados San Jose<\/title>\n<meta name=\"robots\" content=\"noindex, nofollow\" \/>\n<meta property=\"og:locale\" content=\"eu_ES\" \/>\n<meta property=\"og:type\" content=\"article\" \/>\n<meta property=\"og:title\" content=\"Pol\u00edtica de cookies - Despacho Abogados San Jose\" \/>\n<meta property=\"og:description\" content=\"Pol\u00edtica de cookies Desde San Jos\u00e9 Abogados deseamos informarle que nuestra p\u00e1gina web utiliza cookies para analizar la navegaci\u00f3n de usuarios. Las cookies son unos archivos que se instalan en el equipo desde el que accedes a nuestra web con las finalidades que se describen en esta p\u00e1gina. La aplicaci\u00f3n que utilizamos para obtener y [&hellip;]\" \/>\n<meta property=\"og:url\" content=\"https:\/\/sanjoseabogados.com\/eu\/politica-de-cookies\/\" \/>\n<meta property=\"og:site_name\" content=\"Despacho Abogados San Jose\" \/>\n<meta name=\"twitter:card\" content=\"summary_large_image\" \/>\n<meta name=\"twitter:label1\" content=\"Est. reading time\" \/>\n\t<meta name=\"twitter:data1\" content=\"2 minutes\" \/>\n<script type=\"application\/ld+json\" class=\"yoast-schema-graph\">{\"@context\":\"https:\/\/schema.org\",\"@graph\":[{\"@type\":\"WebPage\",\"@id\":\"https:\/\/sanjoseabogados.com\/eu\/politica-de-cookies\/\",\"url\":\"https:\/\/sanjoseabogados.com\/eu\/politica-de-cookies\/\",\"name\":\"Pol\u00edtica de cookies - Despacho Abogados San Jose\",\"isPartOf\":{\"@id\":\"https:\/\/sanjoseabogados.com\/eu\/#website\"},\"datePublished\":\"2014-05-19T06:26:51+00:00\",\"breadcrumb\":{\"@id\":\"https:\/\/sanjoseabogados.com\/eu\/politica-de-cookies\/#breadcrumb\"},\"inLanguage\":\"eu-ES\",\"potentialAction\":[{\"@type\":\"ReadAction\",\"target\":[\"https:\/\/sanjoseabogados.com\/eu\/politica-de-cookies\/\"]}]},{\"@type\":\"BreadcrumbList\",\"@id\":\"https:\/\/sanjoseabogados.com\/eu\/politica-de-cookies\/#breadcrumb\",\"itemListElement\":[{\"@type\":\"ListItem\",\"position\":1,\"name\":\"Portada\",\"item\":\"https:\/\/sanjoseabogados.com\/eu\/\"},{\"@type\":\"ListItem\",\"position\":2,\"name\":\"Pol\u00edtica de cookies\"}]},{\"@type\":\"WebSite\",\"@id\":\"https:\/\/sanjoseabogados.com\/eu\/#website\",\"url\":\"https:\/\/sanjoseabogados.com\/eu\/\",\"name\":\"Despacho Abogados San Jose\",\"description\":\"Despacho abogados en Bilbao\",\"potentialAction\":[{\"@type\":\"SearchAction\",\"target\":{\"@type\":\"EntryPoint\",\"urlTemplate\":\"https:\/\/sanjoseabogados.com\/eu\/?s={search_term_string}\"},\"query-input\":{\"@type\":\"PropertyValueSpecification\",\"valueRequired\":true,\"valueName\":\"search_term_string\"}}],\"inLanguage\":\"eu-ES\"}]}<\/script>\n<!-- \/ Yoast SEO plugin. -->","yoast_head_json":{"title":"Pol\u00edtica de cookies - Despacho Abogados San Jose","robots":{"index":"noindex","follow":"nofollow"},"og_locale":"eu_ES","og_type":"article","og_title":"Pol\u00edtica de cookies - Despacho Abogados San Jose","og_description":"Pol\u00edtica de cookies Desde San Jos\u00e9 Abogados deseamos informarle que nuestra p\u00e1gina web utiliza cookies para analizar la navegaci\u00f3n de usuarios. Las cookies son unos archivos que se instalan en el equipo desde el que accedes a nuestra web con las finalidades que se describen en esta p\u00e1gina. La aplicaci\u00f3n que utilizamos para obtener y [&hellip;]","og_url":"https:\/\/sanjoseabogados.com\/eu\/politica-de-cookies\/","og_site_name":"Despacho Abogados San Jose","twitter_card":"summary_large_image","twitter_misc":{"Est. reading time":"2 minutes"},"schema":{"@context":"https:\/\/schema.org","@graph":[{"@type":"WebPage","@id":"https:\/\/sanjoseabogados.com\/eu\/politica-de-cookies\/","url":"https:\/\/sanjoseabogados.com\/eu\/politica-de-cookies\/","name":"Pol\u00edtica de cookies - Despacho Abogados San Jose","isPartOf":{"@id":"https:\/\/sanjoseabogados.com\/eu\/#website"},"datePublished":"2014-05-19T06:26:51+00:00","breadcrumb":{"@id":"https:\/\/sanjoseabogados.com\/eu\/politica-de-cookies\/#breadcrumb"},"inLanguage":"eu-ES","potentialAction":[{"@type":"ReadAction","target":["https:\/\/sanjoseabogados.com\/eu\/politica-de-cookies\/"]}]},{"@type":"BreadcrumbList","@id":"https:\/\/sanjoseabogados.com\/eu\/politica-de-cookies\/#breadcrumb","itemListElement":[{"@type":"ListItem","position":1,"name":"Portada","item":"https:\/\/sanjoseabogados.com\/eu\/"},{"@type":"ListItem","position":2,"name":"Pol\u00edtica de cookies"}]},{"@type":"WebSite","@id":"https:\/\/sanjoseabogados.com\/eu\/#website","url":"https:\/\/sanjoseabogados.com\/eu\/","name":"Despacho Abogados San Jose","description":"Despacho abogados en Bilbao","potentialAction":[{"@type":"SearchAction","target":{"@type":"EntryPoint","urlTemplate":"https:\/\/sanjoseabogados.com\/eu\/?s={search_term_string}"},"query-input":{"@type":"PropertyValueSpecification","valueRequired":true,"valueName":"search_term_string"}}],"inLanguage":"eu-ES"}]}},"_links":{"self":[{"href":"https:\/\/sanjoseabogados.com\/eu\/wp-json\/wp\/v2\/pages\/5046","targetHints":{"allow":["GET"]}}],"collection":[{"href":"https:\/\/sanjoseabogados.com\/eu\/wp-json\/wp\/v2\/pages"}],"about":[{"href":"https:\/\/sanjoseabogados.com\/eu\/wp-json\/wp\/v2\/types\/page"}],"author":[{"embeddable":true,"href":"https:\/\/sanjoseabogados.com\/eu\/wp-json\/wp\/v2\/users\/1"}],"replies":[{"embeddable":true,"href":"https:\/\/sanjoseabogados.com\/eu\/wp-json\/wp\/v2\/comments?post=5046"}],"version-history":[{"count":0,"href":"https:\/\/sanjoseabogados.com\/eu\/wp-json\/wp\/v2\/pages\/5046\/revisions"}],"wp:attachment":[{"href":"https:\/\/sanjoseabogados.com\/eu\/wp-json\/wp\/v2\/media?parent=5046"}],"curies":[{"name":"wp","href":"https:\/\/api.w.org\/{rel}","templated":true}]}}